{"id":10062,"date":"2023-10-29T11:22:24","date_gmt":"2023-10-29T10:22:24","guid":{"rendered":"https:\/\/www.mouthiers-sur-boeme.fr\/?page_id=10062"},"modified":"2023-10-29T11:25:38","modified_gmt":"2023-10-29T10:25:38","slug":"country-cheyenne-16","status":"publish","type":"page","link":"https:\/\/www.mouthiers-sur-boeme.fr\/?page_id=10062","title":{"rendered":"COUNTRY CHEYENNE 16"},"content":{"rendered":"\n<p>Association cr\u00e9\u00e9e et d\u00e9clar\u00e9e le 10 juillet 2015 <strong>Objet :<\/strong><strong><em>Pratique et promotion de la danse Country<\/em><\/strong><\/p>\n\n\n\n<div class=\"wp-block-image\"><figure class=\"aligncenter\"><a href=\"https:\/\/www.mouthiers-sur-boeme.fr\/wp-content\/uploads\/2015\/11\/cheyenne-country.png\"><img loading=\"lazy\" width=\"212\" height=\"300\" src=\"https:\/\/www.mouthiers-sur-boeme.fr\/wp-content\/uploads\/2015\/11\/cheyenne-country-212x300.png\" alt=\"cheyenne-country\" class=\"wp-image-3525\" srcset=\"https:\/\/www.mouthiers-sur-boeme.fr\/wp-content\/uploads\/2015\/11\/cheyenne-country-212x300.png 212w, https:\/\/www.mouthiers-sur-boeme.fr\/wp-content\/uploads\/2015\/11\/cheyenne-country-724x1024.png 724w, https:\/\/www.mouthiers-sur-boeme.fr\/wp-content\/uploads\/2015\/11\/cheyenne-country.png 1654w\" sizes=\"(max-width: 212px) 100vw, 212px\" \/><\/a><\/figure><\/div>\n\n\n\n<p><strong>Si\u00e8ge social<\/strong>: &nbsp;&nbsp;&nbsp;&nbsp;Mairie &#8211; Place du Champs de Foire &#8211; 16440 Mouthiers sur Bo\u00ebme &nbsp; Actuellement cette association compte une vingtaine d\u2019adh\u00e9rents qui se r\u00e9unissent tous les jeudi soir \u00e0 partir de 19h30 jusqu&rsquo;\u00e0 22 h. Deux cours sont dispens\u00e9s, une premi\u00e8re heure &#8211; 19h30\/20h30 &#8211;&nbsp;pour les d\u00e9butants et une deuxi\u00e8me partie pour les novices. &nbsp; L&rsquo;association organise des bals country 2 fois par an<\/p>\n","protected":false},"excerpt":{"rendered":"<p>Association cr\u00e9\u00e9e et d\u00e9clar\u00e9e le 10 juillet 2015 Objet :Pratique et promotion de la danse Country Si\u00e8ge social: &nbsp;&nbsp;&nbsp;&nbsp;Mairie &#8211; Place du Champs de Foire &#8211; 16440 Mouthiers sur Bo\u00ebme &nbsp; Actuellement cette association compte une vingtaine d\u2019adh\u00e9rents qui se r\u00e9unissent tous les jeudi soir \u00e0 partir de 19h30 jusqu&rsquo;\u00e0 22 h. Deux cours sont &hellip; <a href=\"https:\/\/www.mouthiers-sur-boeme.fr\/?page_id=10062\" class=\"more-link\">Continuer la lecture de <span class=\"screen-reader-text\">COUNTRY CHEYENNE 16<\/span>  <span class=\"meta-nav\">&rarr;<\/span><\/a><\/p>\n","protected":false},"author":22,"featured_media":0,"parent":0,"menu_order":0,"comment_status":"closed","ping_status":"closed","template":"","meta":[],"_links":{"self":[{"href":"https:\/\/www.mouthiers-sur-boeme.fr\/index.php?rest_route=\/wp\/v2\/pages\/10062"}],"collection":[{"href":"https:\/\/www.mouthiers-sur-boeme.fr\/index.php?rest_route=\/wp\/v2\/pages"}],"about":[{"href":"https:\/\/www.mouthiers-sur-boeme.fr\/index.php?rest_route=\/wp\/v2\/types\/page"}],"author":[{"embeddable":true,"href":"https:\/\/www.mouthiers-sur-boeme.fr\/index.php?rest_route=\/wp\/v2\/users\/22"}],"replies":[{"embeddable":true,"href":"https:\/\/www.mouthiers-sur-boeme.fr\/index.php?rest_route=%2Fwp%2Fv2%2Fcomments&post=10062"}],"version-history":[{"count":3,"href":"https:\/\/www.mouthiers-sur-boeme.fr\/index.php?rest_route=\/wp\/v2\/pages\/10062\/revisions"}],"predecessor-version":[{"id":10069,"href":"https:\/\/www.mouthiers-sur-boeme.fr\/index.php?rest_route=\/wp\/v2\/pages\/10062\/revisions\/10069"}],"wp:attachment":[{"href":"https:\/\/www.mouthiers-sur-boeme.fr\/index.php?rest_route=%2Fwp%2Fv2%2Fmedia&parent=10062"}],"curies":[{"name":"wp","href":"https:\/\/api.w.org\/{rel}","templated":true}]}}