{"id":11840,"date":"2024-12-19T22:20:44","date_gmt":"2024-12-19T21:20:44","guid":{"rendered":"https:\/\/www.mouthiers-sur-boeme.fr\/?page_id=11840"},"modified":"2025-11-05T16:20:36","modified_gmt":"2025-11-05T15:20:36","slug":"les-badistes-de-la-boeme","status":"publish","type":"page","link":"https:\/\/www.mouthiers-sur-boeme.fr\/?page_id=11840","title":{"rendered":"lES BADISTES DE LA BO\u00cbME"},"content":{"rendered":"\n<p><a href=\"https:\/\/fr-fr.facebook.com\/badistesdelaboeme\/\" data-type=\"URL\" data-id=\"https:\/\/fr-fr.facebook.com\/badistesdelaboeme\/\" target=\"_blank\" rel=\"noreferrer noopener\">Page Facebook<\/a><\/p>\n\n\n\n<figure class=\"wp-block-image size-large\"><a href=\"https:\/\/www.mouthiers-sur-boeme.fr\/wp-content\/uploads\/2025\/11\/LOGO-BADISTES-DE-LA-BOEME_COULEUR-01.png\"><img loading=\"lazy\" width=\"1024\" height=\"1024\" src=\"https:\/\/www.mouthiers-sur-boeme.fr\/wp-content\/uploads\/2025\/11\/LOGO-BADISTES-DE-LA-BOEME_COULEUR-01-1024x1024.png\" alt=\"\" class=\"wp-image-12504\" srcset=\"https:\/\/www.mouthiers-sur-boeme.fr\/wp-content\/uploads\/2025\/11\/LOGO-BADISTES-DE-LA-BOEME_COULEUR-01-1024x1024.png 1024w, https:\/\/www.mouthiers-sur-boeme.fr\/wp-content\/uploads\/2025\/11\/LOGO-BADISTES-DE-LA-BOEME_COULEUR-01-300x300.png 300w, https:\/\/www.mouthiers-sur-boeme.fr\/wp-content\/uploads\/2025\/11\/LOGO-BADISTES-DE-LA-BOEME_COULEUR-01-150x150.png 150w, https:\/\/www.mouthiers-sur-boeme.fr\/wp-content\/uploads\/2025\/11\/LOGO-BADISTES-DE-LA-BOEME_COULEUR-01-768x768.png 768w, https:\/\/www.mouthiers-sur-boeme.fr\/wp-content\/uploads\/2025\/11\/LOGO-BADISTES-DE-LA-BOEME_COULEUR-01.png 1181w\" sizes=\"(max-width: 1024px) 100vw, 1024px\" \/><\/a><\/figure>\n\n\n\n<p class=\"has-text-align-left\">Les Badistes ont organis\u00e9 <strong>les 23 et 24 Novembre 2024 leur 4\u00e8me tournoi.<\/strong><\/p>\n\n\n\n<p class=\"has-text-align-left\"><strong>214 inscrits, 40% femmes et 60% d&rsquo;hommes, 237 matchs sur 17 s\u00e9ries et 33 clubs repr\u00e9sent\u00e9s.<\/strong>&nbsp;Sans oublier les 200 heures de pr\u00e9paration pour les 3 officiels de la table de marque &#8230;. Et les 300\u20ac de tombola<br>Au total, <strong>34 vainqueurs<\/strong>&nbsp;ont \u00e9t\u00e9 r\u00e9compens\u00e9s pour autant de finalistes&#8230; Avec plus de 2000 \u20ac de lots ! Et 6 de nos licenci\u00e9s sont mont\u00e9s sur le podium avec 2&nbsp;titres \u00e0 la clef &#8230; !! F\u00e9licitations \u00e0 Anthony\/Julien et \u00e0 Claire pour leur victoire !!&nbsp;<\/p>\n\n\n\n<div class=\"wp-block-image\"><figure class=\"alignright size-large is-resized\"><a href=\"https:\/\/www.mouthiers-sur-boeme.fr\/wp-content\/uploads\/2024\/12\/P1160332-scaled.jpg\"><img loading=\"lazy\" src=\"https:\/\/www.mouthiers-sur-boeme.fr\/wp-content\/uploads\/2024\/12\/P1160332-1024x576.jpg\" alt=\"\" class=\"wp-image-11846\" width=\"549\" height=\"309\" srcset=\"https:\/\/www.mouthiers-sur-boeme.fr\/wp-content\/uploads\/2024\/12\/P1160332-1024x576.jpg 1024w, https:\/\/www.mouthiers-sur-boeme.fr\/wp-content\/uploads\/2024\/12\/P1160332-300x169.jpg 300w, https:\/\/www.mouthiers-sur-boeme.fr\/wp-content\/uploads\/2024\/12\/P1160332-768x432.jpg 768w, https:\/\/www.mouthiers-sur-boeme.fr\/wp-content\/uploads\/2024\/12\/P1160332-1536x864.jpg 1536w, https:\/\/www.mouthiers-sur-boeme.fr\/wp-content\/uploads\/2024\/12\/P1160332-2048x1152.jpg 2048w\" sizes=\"(max-width: 549px) 100vw, 549px\" \/><\/a><\/figure><\/div>\n\n\n\n<div class=\"wp-block-image\"><figure class=\"alignleft size-large is-resized\"><a href=\"https:\/\/www.mouthiers-sur-boeme.fr\/wp-content\/uploads\/2024\/12\/P1160527-scaled.jpg\"><img loading=\"lazy\" src=\"https:\/\/www.mouthiers-sur-boeme.fr\/wp-content\/uploads\/2024\/12\/P1160527-1024x576.jpg\" alt=\"\" class=\"wp-image-11845\" width=\"590\" height=\"332\" srcset=\"https:\/\/www.mouthiers-sur-boeme.fr\/wp-content\/uploads\/2024\/12\/P1160527-1024x576.jpg 1024w, https:\/\/www.mouthiers-sur-boeme.fr\/wp-content\/uploads\/2024\/12\/P1160527-300x169.jpg 300w, https:\/\/www.mouthiers-sur-boeme.fr\/wp-content\/uploads\/2024\/12\/P1160527-768x432.jpg 768w, https:\/\/www.mouthiers-sur-boeme.fr\/wp-content\/uploads\/2024\/12\/P1160527-1536x864.jpg 1536w, https:\/\/www.mouthiers-sur-boeme.fr\/wp-content\/uploads\/2024\/12\/P1160527-2048x1152.jpg 2048w\" sizes=\"(max-width: 590px) 100vw, 590px\" \/><\/a><\/figure><\/div>\n\n\n\n<p class=\"has-text-align-left\"><br><\/p>\n\n\n\n<p><\/p>\n\n\n\n<p>Une organisation huil\u00e9e a \u00e9t\u00e9 n\u00e9cessaire pour satisfaire l&rsquo;ensemble des joueurs inscrits, et bravo encore \u00e0 nos licenci\u00e9s qui ont organis\u00e9s b\u00e9n\u00e9volement la comp\u00e9tition notamment la gestion informatique du tournoi. Bravo \u00e0 Emmanuelle et C\u00e9lia !! La traditionnelle buvette\/restauration \u00e9tait au rendez-vous avec des produits locaux et fait-maison. Cette ann\u00e9e, nous avons vari\u00e9 notre offre avec une multitude de g\u00e2teaux fait maison et des salades \u00e0 composer. Nous avons \u00e9galement mis l&rsquo;accent sur l&rsquo;utilisation d&rsquo;assiettes r\u00e9utilisables afin d&rsquo;\u00e9viter les d\u00e9chets.<br>Merci \u00e0 la mairie et ses services techniques, ainsi qu&rsquo;aux producteurs locaux pour leur confiance. Merci aussi au soutien de CALITOM pour ses lots, au SPAR d&rsquo;Angoul\u00eame pour la livraison des produits\/fournitures et un grand remerciement encore \u00e0 l\u2019ensemble de nos b\u00e9n\u00e9voles.<br><\/p>\n\n\n\n<p class=\"has-text-align-right\"><em>Fran\u00e7ois MOUNIER pr\u00e9sident<\/em><\/p>\n","protected":false},"excerpt":{"rendered":"<p>Page Facebook Les Badistes ont organis\u00e9 les 23 et 24 Novembre 2024 leur 4\u00e8me tournoi. 214 inscrits, 40% femmes et 60% d&rsquo;hommes, 237 matchs sur 17 s\u00e9ries et 33 clubs repr\u00e9sent\u00e9s.&nbsp;Sans oublier les 200 heures de pr\u00e9paration pour les 3 officiels de la table de marque &#8230;. Et les 300\u20ac de tombolaAu total, 34 vainqueurs&nbsp;ont &hellip; <a href=\"https:\/\/www.mouthiers-sur-boeme.fr\/?page_id=11840\" class=\"more-link\">Continuer la lecture de <span class=\"screen-reader-text\">lES BADISTES DE LA BO\u00cbME<\/span>  <span class=\"meta-nav\">&rarr;<\/span><\/a><\/p>\n","protected":false},"author":22,"featured_media":0,"parent":0,"menu_order":0,"comment_status":"closed","ping_status":"closed","template":"","meta":[],"_links":{"self":[{"href":"https:\/\/www.mouthiers-sur-boeme.fr\/index.php?rest_route=\/wp\/v2\/pages\/11840"}],"collection":[{"href":"https:\/\/www.mouthiers-sur-boeme.fr\/index.php?rest_route=\/wp\/v2\/pages"}],"about":[{"href":"https:\/\/www.mouthiers-sur-boeme.fr\/index.php?rest_route=\/wp\/v2\/types\/page"}],"author":[{"embeddable":true,"href":"https:\/\/www.mouthiers-sur-boeme.fr\/index.php?rest_route=\/wp\/v2\/users\/22"}],"replies":[{"embeddable":true,"href":"https:\/\/www.mouthiers-sur-boeme.fr\/index.php?rest_route=%2Fwp%2Fv2%2Fcomments&post=11840"}],"version-history":[{"count":8,"href":"https:\/\/www.mouthiers-sur-boeme.fr\/index.php?rest_route=\/wp\/v2\/pages\/11840\/revisions"}],"predecessor-version":[{"id":12507,"href":"https:\/\/www.mouthiers-sur-boeme.fr\/index.php?rest_route=\/wp\/v2\/pages\/11840\/revisions\/12507"}],"wp:attachment":[{"href":"https:\/\/www.mouthiers-sur-boeme.fr\/index.php?rest_route=%2Fwp%2Fv2%2Fmedia&parent=11840"}],"curies":[{"name":"wp","href":"https:\/\/api.w.org\/{rel}","templated":true}]}}