{"id":1663,"date":"2014-09-20T08:59:22","date_gmt":"2014-09-20T07:59:22","guid":{"rendered":"http:\/\/blogpeda.ac-poitiers.fr\/iufm6\/?page_id=1663"},"modified":"2026-04-05T13:19:45","modified_gmt":"2026-04-05T12:19:45","slug":"mairie","status":"publish","type":"page","link":"https:\/\/www.mouthiers-sur-boeme.fr\/?page_id=1663","title":{"rendered":"HORAIRES"},"content":{"rendered":"\n<p><strong>Mairie de Mouthiers sur Bo\u00ebme<\/strong><\/p>\n\n\n\n<figure class=\"wp-block-image size-large\"><a href=\"https:\/\/www.mouthiers-sur-boeme.fr\/wp-content\/uploads\/2014\/09\/imagesCA2KK3PP-e1726904213386.jpg\"><img loading=\"lazy\" width=\"192\" height=\"144\" src=\"https:\/\/www.mouthiers-sur-boeme.fr\/wp-content\/uploads\/2014\/09\/imagesCA2KK3PP-e1726904213386.jpg\" alt=\"\" class=\"wp-image-2346\"\/><\/a><figcaption>La Mairie de Mouthiers &#8211; Photo Mairie<\/figcaption><\/figure>\n\n\n\n<p>8 Place du Champ de Foire<\/p>\n\n\n\n<p>16440 MOUTHIERS SUR BO\u00cbME<\/p>\n\n\n\n<p>T\u00e9l\u00e9phone : 05 45 67 92 20 <\/p>\n\n\n\n<p>Courriel : mairie@mouthiers-sur-boeme.fr<\/p>\n\n\n\n<p><strong>Horaires :<\/strong> &#8211; Lundi, Mardi, Jeudi, Vendredi : 9h-12h \/14h-18h &#8211; Mercredi :&nbsp; 14h-18h<\/p>\n\n\n\n<hr class=\"wp-block-separator\"\/>\n\n\n\n<p><\/p>\n","protected":false},"excerpt":{"rendered":"<p>Mairie de Mouthiers sur Bo\u00ebme 8 Place du Champ de Foire 16440 MOUTHIERS SUR BO\u00cbME T\u00e9l\u00e9phone : 05 45 67 92 20 Courriel : mairie@mouthiers-sur-boeme.fr Horaires : &#8211; Lundi, Mardi, Jeudi, Vendredi : 9h-12h \/14h-18h &#8211; Mercredi :&nbsp; 14h-18h<\/p>\n","protected":false},"author":22,"featured_media":0,"parent":0,"menu_order":0,"comment_status":"closed","ping_status":"open","template":"","meta":[],"_links":{"self":[{"href":"https:\/\/www.mouthiers-sur-boeme.fr\/index.php?rest_route=\/wp\/v2\/pages\/1663"}],"collection":[{"href":"https:\/\/www.mouthiers-sur-boeme.fr\/index.php?rest_route=\/wp\/v2\/pages"}],"about":[{"href":"https:\/\/www.mouthiers-sur-boeme.fr\/index.php?rest_route=\/wp\/v2\/types\/page"}],"author":[{"embeddable":true,"href":"https:\/\/www.mouthiers-sur-boeme.fr\/index.php?rest_route=\/wp\/v2\/users\/22"}],"replies":[{"embeddable":true,"href":"https:\/\/www.mouthiers-sur-boeme.fr\/index.php?rest_route=%2Fwp%2Fv2%2Fcomments&post=1663"}],"version-history":[{"count":29,"href":"https:\/\/www.mouthiers-sur-boeme.fr\/index.php?rest_route=\/wp\/v2\/pages\/1663\/revisions"}],"predecessor-version":[{"id":13026,"href":"https:\/\/www.mouthiers-sur-boeme.fr\/index.php?rest_route=\/wp\/v2\/pages\/1663\/revisions\/13026"}],"wp:attachment":[{"href":"https:\/\/www.mouthiers-sur-boeme.fr\/index.php?rest_route=%2Fwp%2Fv2%2Fmedia&parent=1663"}],"curies":[{"name":"wp","href":"https:\/\/api.w.org\/{rel}","templated":true}]}}