{"id":1687,"date":"2014-09-20T09:09:13","date_gmt":"2014-09-20T08:09:13","guid":{"rendered":"http:\/\/blogpeda.ac-poitiers.fr\/iufm6\/?page_id=1687"},"modified":"2026-01-10T10:32:46","modified_gmt":"2026-01-10T09:32:46","slug":"vie-associative","status":"publish","type":"page","link":"https:\/\/www.mouthiers-sur-boeme.fr\/?page_id=1687","title":{"rendered":"Vie associative"},"content":{"rendered":"<h5><a href=\"https:\/\/www.mouthiers-sur-boeme.fr\/?page_id=1693\">Association des donneurs de sang b\u00e9n\u00e9voles du Blanzacais<\/a><\/h5>\n<h5><a title=\"Conseil local des parents d\u2019\u00e9l\u00e8ves\" href=\"https:\/\/www.mouthiers-sur-boeme.fr\/?page_id=1701\" target=\"_blank\" rel=\"noopener\">Association des parents d\u2019\u00e9l\u00e8ves (APE)<\/a><\/h5>\n<h5><a href=\"https:\/\/www.mouthiers-sur-boeme.fr\/?page_id=8145\" target=\"_blank\" rel=\"noopener\">Au son de la Bo\u00ebme<\/a><\/h5>\n<h5><a href=\"https:\/\/www.mouthiers-sur-boeme.fr\/?page_id=8142\" target=\"_blank\" rel=\"noopener\">Bo\u00ebme Patrimoine<\/a><\/h5>\n<h5><a title=\"Chasseurs\" href=\"https:\/\/www.mouthiers-sur-boeme.fr\/?page_id=1697\" target=\"_blank\" rel=\"noopener\">Chasseurs<\/a><\/h5>\n<h5><a href=\"https:\/\/www.mouthiers-sur-boeme.fr\/?page_id=8135\" target=\"_blank\" rel=\"noopener\">Club d&rsquo;entra\u00eenement du l\u00e9vrier Charentais<\/a><\/h5>\n<h5><a href=\"https:\/\/www.mouthiers-sur-boeme.fr\/?page_id=8128\" target=\"_blank\" rel=\"noopener\"><strong><span style=\"color: #008000;\">Club miniature<\/span><\/strong><\/a><\/h5>\n<h5><a title=\"Comit\u00e9 de jumelage avec Petite-Rousselle\" href=\"https:\/\/www.mouthiers-sur-boeme.fr\/?page_id=1699\" target=\"_blank\" rel=\"noopener\">Comit\u00e9 de jumelage avec Petite-Rosselle<\/a><\/h5>\n<h5><a href=\"https:\/\/www.mouthiers-sur-boeme.fr\/?page_id=8687\" target=\"_blank\" rel=\"noopener\">Compagnie Olive De Lux<\/a><\/h5>\n<h5><a href=\"https:\/\/www.mouthiers-sur-boeme.fr\/?page_id=10062\" target=\"_blank\" rel=\"noopener\">Country Cheyenne<\/a><\/h5>\n<h5><a title=\"Centre social intercommunal \u2013 Effervescentre\" href=\"https:\/\/www.mouthiers-sur-boeme.fr\/?page_id=1695\" target=\"_blank\" rel=\"noopener\">Effervescentre<\/a><\/h5>\n<h5><a title=\"Anciens combattants \u2013 FNACA\" href=\"https:\/\/www.mouthiers-sur-boeme.fr\/?page_id=1689\">\u00a0FNACA<\/a>\u00a0\u00a0\u00a0 <a title=\"Anciens combattants \u2013 FNACA\" href=\"https:\/\/www.mouthiers-sur-boeme.fr\/?page_id=1689\" target=\"_blank\" rel=\"noopener\">Anciens combattants<\/a><\/h5>\n<h5><strong><span style=\"color: #339966;\"><a href=\"https:\/\/www.mouthiers-sur-boeme.fr\/?page_id=2616\" target=\"_blank\" rel=\"noopener\">G\u00e9n\u00e9ration Bo\u00ebme<\/a><\/span><\/strong><\/h5>\n<h5><a href=\"https:\/\/www.mouthiers-sur-boeme.fr\/?page_id=11840\" target=\"_blank\" rel=\"noopener\">\u00a0Les badistes de la Bo\u00ebme<\/a><\/h5>\n<h5><a title=\"Trail 2011\" href=\"https:\/\/www.mouthiers-sur-boeme.fr\/?page_id=1721\">Les rapid&rsquo;s de la Bo\u00ebme\/Course \u00e0 pied \/Trail<\/a><\/h5>\n<h5><a title=\"MJC Jules Berry\" href=\"https:\/\/www.mouthiers-sur-boeme.fr\/?page_id=1705\">MJC Jules Berry<\/a><\/h5>\n<h5><a title=\"MJC Jules-Berry \u2013 GRS MOUTHIERS\" href=\"https:\/\/www.mouthiers-sur-boeme.fr\/?page_id=1707\">MJC Jules-Berry \u2013 GRS MOUTHIERS<\/a><\/h5>\n<h5><a title=\"MJC Jules-Berry \u2013 Scrabble\" href=\"https:\/\/www.mouthiers-sur-boeme.fr\/?page_id=1709\">MJC Jules-Berry \u2013 Scrabble<\/a><\/h5>\n<h4><a href=\"https:\/\/www.mouthiers-sur-boeme.fr\/?page_id=11204\" target=\"_blank\" rel=\"noopener\"><strong>Pr\u00e9sence verte Charente<\/strong><\/a><\/h4>\n<h5><a title=\"Secours populaire\" href=\"https:\/\/www.mouthiers-sur-boeme.fr\/?page_id=1715\">Secours populaire<\/a><\/h5>\n<h5><a title=\"Sentiers de Bo\u00ebme\" href=\"https:\/\/www.mouthiers-sur-boeme.fr\/?page_id=1717\">Sentiers de Bo\u00ebme<\/a><\/h5>\n<h5><a title=\"SCM Football\" href=\"https:\/\/www.mouthiers-sur-boeme.fr\/?page_id=1711\">SCM Football<\/a><\/h5>\n<h5><a title=\"SCM Tennis\" href=\"https:\/\/www.mouthiers-sur-boeme.fr\/?page_id=1713\">SCM Tennis<\/a><\/h5>\n<h5><a title=\"Tourbi\u00e8res et loisirs\" href=\"https:\/\/www.mouthiers-sur-boeme.fr\/?page_id=1719\">Tourbi\u00e8res et loisirs<\/a><\/h5>\n<h5><a href=\"https:\/\/www.mouthiers-sur-boeme.fr\/?page_id=5484\" target=\"_blank\" rel=\"noopener\"><strong><span style=\"color: #008000;\">Vent Debout<\/span><\/strong><\/a><\/h5>\n","protected":false},"excerpt":{"rendered":"<p>Association des donneurs de sang b\u00e9n\u00e9voles du Blanzacais Association des parents d\u2019\u00e9l\u00e8ves (APE) Au son de la Bo\u00ebme Bo\u00ebme Patrimoine Chasseurs Club d&rsquo;entra\u00eenement du l\u00e9vrier Charentais Club miniature Comit\u00e9 de jumelage avec Petite-Rosselle Compagnie Olive De Lux Country Cheyenne Effervescentre \u00a0FNACA\u00a0\u00a0\u00a0 Anciens combattants G\u00e9n\u00e9ration Bo\u00ebme \u00a0Les badistes de la Bo\u00ebme Les rapid&rsquo;s de la Bo\u00ebme\/Course &hellip; <a href=\"https:\/\/www.mouthiers-sur-boeme.fr\/?page_id=1687\" class=\"more-link\">Continuer la lecture de <span class=\"screen-reader-text\">Vie associative<\/span>  <span class=\"meta-nav\">&rarr;<\/span><\/a><\/p>\n","protected":false},"author":22,"featured_media":0,"parent":0,"menu_order":0,"comment_status":"closed","ping_status":"closed","template":"","meta":[],"_links":{"self":[{"href":"https:\/\/www.mouthiers-sur-boeme.fr\/index.php?rest_route=\/wp\/v2\/pages\/1687"}],"collection":[{"href":"https:\/\/www.mouthiers-sur-boeme.fr\/index.php?rest_route=\/wp\/v2\/pages"}],"about":[{"href":"https:\/\/www.mouthiers-sur-boeme.fr\/index.php?rest_route=\/wp\/v2\/types\/page"}],"author":[{"embeddable":true,"href":"https:\/\/www.mouthiers-sur-boeme.fr\/index.php?rest_route=\/wp\/v2\/users\/22"}],"replies":[{"embeddable":true,"href":"https:\/\/www.mouthiers-sur-boeme.fr\/index.php?rest_route=%2Fwp%2Fv2%2Fcomments&post=1687"}],"version-history":[{"count":61,"href":"https:\/\/www.mouthiers-sur-boeme.fr\/index.php?rest_route=\/wp\/v2\/pages\/1687\/revisions"}],"predecessor-version":[{"id":12762,"href":"https:\/\/www.mouthiers-sur-boeme.fr\/index.php?rest_route=\/wp\/v2\/pages\/1687\/revisions\/12762"}],"wp:attachment":[{"href":"https:\/\/www.mouthiers-sur-boeme.fr\/index.php?rest_route=%2Fwp%2Fv2%2Fmedia&parent=1687"}],"curies":[{"name":"wp","href":"https:\/\/api.w.org\/{rel}","templated":true}]}}