{"id":1695,"date":"2014-09-20T09:10:44","date_gmt":"2014-09-20T08:10:44","guid":{"rendered":"http:\/\/blogpeda.ac-poitiers.fr\/iufm6\/?page_id=1695"},"modified":"2023-10-29T11:50:21","modified_gmt":"2023-10-29T10:50:21","slug":"centre-social-intercommunal-effervescentre","status":"publish","type":"page","link":"https:\/\/www.mouthiers-sur-boeme.fr\/?page_id=1695","title":{"rendered":"Centre social intercommunal &#8211; Effervescentre"},"content":{"rendered":"<p>EFFERVESCENTRE<\/p>\n<p>Aide et Soutien \u00e0 la Vie associative, locale, culturelle et sportive<\/p>\n<p>Pour 15\u20ac d&rsquo;adh\u00e9sion par an, Effervescentre vous propose un soutien dans vos projets associatifs, culturels et sportifs, de vous aider \u00e0 la r\u00e9alisation de vos supports de communication (affiches, tracts, brochure, plaquette, banderole&#8230;).<\/p>\n<p>Le centre social vous met \u00e9galement \u00e0 disposition du mat\u00e9riel de sonorisation, d&rsquo;\u00e9clairage et des minibus de 9 places.<\/p>\n<p>N&rsquo;h\u00e9sitez pas \u00e0 prendre contact avec Jean-Luc CIBARD, animateur vie associative et culturelle au centre social Effervescentre.<\/p>\n<p>Contact : 05.45.67.84.38<br \/>\nMail Jean-Luc CIBARD : culture@effervescentre.fr<\/p>\n<p>Emploi, Solidarit\u00e9, \u00c9changes.<br \/>\nHabitants du territoire vous recherchez un emploi, vous avez besoin d&rsquo;aide pour des d\u00e9marches li\u00e9es \u00e0 la vie quotidienne, la r\u00e9f\u00e9rente famille peut vous aider.<\/p>\n<p>N&rsquo;h\u00e9sitez pas \u00e0 prendre contact avec la r\u00e9f\u00e9rente famille au Centre Social Effervescentre.<\/p>\n<p>Contact : 05.45.67.84.38<\/p>\n<p>Mail&nbsp; : social@effervescentre.fr<br \/>\ncontact@effervescentre.fr<\/p>\n<blockquote class=\"wp-embedded-content\" data-secret=\"TwqCaauvzp\"><p><a href=\"https:\/\/effervescentre.fr\/\">Accueil<\/a><\/p><\/blockquote>\n<p><iframe class=\"wp-embedded-content\" sandbox=\"allow-scripts\" security=\"restricted\" style=\"position: absolute; clip: rect(1px, 1px, 1px, 1px);\" title=\"\u00ab\u00a0Accueil\u00a0\u00bb &#8212; Effervescentre\" src=\"https:\/\/effervescentre.fr\/embed\/#?secret=UYDX9ljwNZ#?secret=TwqCaauvzp\" data-secret=\"TwqCaauvzp\" width=\"474\" height=\"267\" frameborder=\"0\" marginwidth=\"0\" marginheight=\"0\" scrolling=\"no\"><\/iframe><\/p>\n","protected":false},"excerpt":{"rendered":"<p>EFFERVESCENTRE Aide et Soutien \u00e0 la Vie associative, locale, culturelle et sportive Pour 15\u20ac d&rsquo;adh\u00e9sion par an, Effervescentre vous propose un soutien dans vos projets associatifs, culturels et sportifs, de vous aider \u00e0 la r\u00e9alisation de vos supports de communication (affiches, tracts, brochure, plaquette, banderole&#8230;). Le centre social vous met \u00e9galement \u00e0 disposition du mat\u00e9riel &hellip; <a href=\"https:\/\/www.mouthiers-sur-boeme.fr\/?page_id=1695\" class=\"more-link\">Continuer la lecture de <span class=\"screen-reader-text\">Centre social intercommunal &#8211; Effervescentre<\/span>  <span class=\"meta-nav\">&rarr;<\/span><\/a><\/p>\n","protected":false},"author":22,"featured_media":0,"parent":0,"menu_order":0,"comment_status":"closed","ping_status":"closed","template":"","meta":[],"_links":{"self":[{"href":"https:\/\/www.mouthiers-sur-boeme.fr\/index.php?rest_route=\/wp\/v2\/pages\/1695"}],"collection":[{"href":"https:\/\/www.mouthiers-sur-boeme.fr\/index.php?rest_route=\/wp\/v2\/pages"}],"about":[{"href":"https:\/\/www.mouthiers-sur-boeme.fr\/index.php?rest_route=\/wp\/v2\/types\/page"}],"author":[{"embeddable":true,"href":"https:\/\/www.mouthiers-sur-boeme.fr\/index.php?rest_route=\/wp\/v2\/users\/22"}],"replies":[{"embeddable":true,"href":"https:\/\/www.mouthiers-sur-boeme.fr\/index.php?rest_route=%2Fwp%2Fv2%2Fcomments&post=1695"}],"version-history":[{"count":6,"href":"https:\/\/www.mouthiers-sur-boeme.fr\/index.php?rest_route=\/wp\/v2\/pages\/1695\/revisions"}],"predecessor-version":[{"id":10087,"href":"https:\/\/www.mouthiers-sur-boeme.fr\/index.php?rest_route=\/wp\/v2\/pages\/1695\/revisions\/10087"}],"wp:attachment":[{"href":"https:\/\/www.mouthiers-sur-boeme.fr\/index.php?rest_route=%2Fwp%2Fv2%2Fmedia&parent=1695"}],"curies":[{"name":"wp","href":"https:\/\/api.w.org\/{rel}","templated":true}]}}