{"id":1697,"date":"2014-09-20T09:10:59","date_gmt":"2014-09-20T08:10:59","guid":{"rendered":"http:\/\/blogpeda.ac-poitiers.fr\/iufm6\/?page_id=1697"},"modified":"2023-10-29T12:10:16","modified_gmt":"2023-10-29T11:10:16","slug":"chasseurs","status":"publish","type":"page","link":"https:\/\/www.mouthiers-sur-boeme.fr\/?page_id=1697","title":{"rendered":"Soci\u00e9t\u00e9 de chasse"},"content":{"rendered":"<p>Soci\u00e9t\u00e9 de chasse communale<\/p>\n<p>Monsieur Germon Jean-Fran\u00e7ois 8, rue des rois 16440 Mouthiers-sur-Bo\u00ebme<\/p>\n<p><span id=\"OBJ_PREFIX_DWT270_com_zimbra_phone\" class=\"Object\" role=\"link\"><a href=\"callto:06 86 60 24 44\">06 86 60 24 44<\/a><\/span><\/p>\n<p><span id=\"OBJ_PREFIX_DWT271_ZmEmailObjectHandler\" class=\"Object\" role=\"link\"><span id=\"OBJ_PREFIX_DWT307_ZmEmailObjectHandler\" class=\"Object\" role=\"link\">jean-fran\u00e7ois.germon@orange.fr<\/span><\/span><\/p>\n","protected":false},"excerpt":{"rendered":"<p>Soci\u00e9t\u00e9 de chasse communale Monsieur Germon Jean-Fran\u00e7ois 8, rue des rois 16440 Mouthiers-sur-Bo\u00ebme 06 86 60 24 44 jean-fran\u00e7ois.germon@orange.fr<\/p>\n","protected":false},"author":22,"featured_media":0,"parent":0,"menu_order":0,"comment_status":"closed","ping_status":"closed","template":"","meta":[],"_links":{"self":[{"href":"https:\/\/www.mouthiers-sur-boeme.fr\/index.php?rest_route=\/wp\/v2\/pages\/1697"}],"collection":[{"href":"https:\/\/www.mouthiers-sur-boeme.fr\/index.php?rest_route=\/wp\/v2\/pages"}],"about":[{"href":"https:\/\/www.mouthiers-sur-boeme.fr\/index.php?rest_route=\/wp\/v2\/types\/page"}],"author":[{"embeddable":true,"href":"https:\/\/www.mouthiers-sur-boeme.fr\/index.php?rest_route=\/wp\/v2\/users\/22"}],"replies":[{"embeddable":true,"href":"https:\/\/www.mouthiers-sur-boeme.fr\/index.php?rest_route=%2Fwp%2Fv2%2Fcomments&post=1697"}],"version-history":[{"count":1,"href":"https:\/\/www.mouthiers-sur-boeme.fr\/index.php?rest_route=\/wp\/v2\/pages\/1697\/revisions"}],"predecessor-version":[{"id":8099,"href":"https:\/\/www.mouthiers-sur-boeme.fr\/index.php?rest_route=\/wp\/v2\/pages\/1697\/revisions\/8099"}],"wp:attachment":[{"href":"https:\/\/www.mouthiers-sur-boeme.fr\/index.php?rest_route=%2Fwp%2Fv2%2Fmedia&parent=1697"}],"curies":[{"name":"wp","href":"https:\/\/api.w.org\/{rel}","templated":true}]}}