{"id":1711,"date":"2014-09-20T09:12:40","date_gmt":"2014-09-20T08:12:40","guid":{"rendered":"http:\/\/blogpeda.ac-poitiers.fr\/iufm6\/?page_id=1711"},"modified":"2023-10-29T12:06:51","modified_gmt":"2023-10-29T11:06:51","slug":"scm-football","status":"publish","type":"page","link":"https:\/\/www.mouthiers-sur-boeme.fr\/?page_id=1711","title":{"rendered":"SCM Football"},"content":{"rendered":"<p>Desvages Pierre<\/p>\n<p><span id=\"OBJ_PREFIX_DWT674_com_zimbra_phone\" class=\"Object\" role=\"link\"><a href=\"callto:05 45 67 82 16\">05 45 67 82 16<\/a><\/span><\/p>\n<p><span id=\"OBJ_PREFIX_DWT675_ZmEmailObjectHandler\" class=\"Object\" role=\"link\"><span id=\"OBJ_PREFIX_DWT690_ZmEmailObjectHandler\" class=\"Object\" role=\"link\"><a href=\"mailto:pierre.desvages@orange.fr\" target=\"_blank\" rel=\"noopener\">pierre.desvages@orange.fr<\/a><\/span><\/span><\/p>\n<p><a href=\"https:\/\/scm.footeo.com\/\" target=\"_blank\" rel=\"noopener\">Site officiel du club S. C. MOUTHIERS FOOTBALL. Retrouvez toute l&rsquo;actualit\u00e9, le calendrier et les r\u00e9sultats des \u00e9quipes, ainsi que toute la vie &#8230;<\/a><\/p>\n","protected":false},"excerpt":{"rendered":"<p>Desvages Pierre 05 45 67 82 16 pierre.desvages@orange.fr Site officiel du club S. C. MOUTHIERS FOOTBALL. Retrouvez toute l&rsquo;actualit\u00e9, le calendrier et les r\u00e9sultats des \u00e9quipes, ainsi que toute la vie &#8230;<\/p>\n","protected":false},"author":22,"featured_media":0,"parent":0,"menu_order":0,"comment_status":"closed","ping_status":"closed","template":"","meta":[],"_links":{"self":[{"href":"https:\/\/www.mouthiers-sur-boeme.fr\/index.php?rest_route=\/wp\/v2\/pages\/1711"}],"collection":[{"href":"https:\/\/www.mouthiers-sur-boeme.fr\/index.php?rest_route=\/wp\/v2\/pages"}],"about":[{"href":"https:\/\/www.mouthiers-sur-boeme.fr\/index.php?rest_route=\/wp\/v2\/types\/page"}],"author":[{"embeddable":true,"href":"https:\/\/www.mouthiers-sur-boeme.fr\/index.php?rest_route=\/wp\/v2\/users\/22"}],"replies":[{"embeddable":true,"href":"https:\/\/www.mouthiers-sur-boeme.fr\/index.php?rest_route=%2Fwp%2Fv2%2Fcomments&post=1711"}],"version-history":[{"count":2,"href":"https:\/\/www.mouthiers-sur-boeme.fr\/index.php?rest_route=\/wp\/v2\/pages\/1711\/revisions"}],"predecessor-version":[{"id":8113,"href":"https:\/\/www.mouthiers-sur-boeme.fr\/index.php?rest_route=\/wp\/v2\/pages\/1711\/revisions\/8113"}],"wp:attachment":[{"href":"https:\/\/www.mouthiers-sur-boeme.fr\/index.php?rest_route=%2Fwp%2Fv2%2Fmedia&parent=1711"}],"curies":[{"name":"wp","href":"https:\/\/api.w.org\/{rel}","templated":true}]}}