{"id":1715,"date":"2014-09-20T09:13:04","date_gmt":"2014-09-20T08:13:04","guid":{"rendered":"http:\/\/blogpeda.ac-poitiers.fr\/iufm6\/?page_id=1715"},"modified":"2025-01-31T19:32:09","modified_gmt":"2025-01-31T18:32:09","slug":"secours-populaire","status":"publish","type":"page","link":"https:\/\/www.mouthiers-sur-boeme.fr\/?page_id=1715","title":{"rendered":"Secours populaire"},"content":{"rendered":"<p>Le Secours populaire soutient les personnes et leurs familles victimes de l&rsquo;injustice sociale ( aides alimentaires, chauffage, carburant, vacances, jouets pour No\u00ebl ), calamit\u00e9s naturelles, &#8230;<br \/>Le local du Secours populaire se situe \u00e0 Mouthiers<br \/>au\u00a057 rue de la Bo\u00ebme.<\/p>\n<p>Heures de permanence\u00a0:<br \/>tous les samedis, de 10 h \u00e0 12 h.<\/p>\n<p>Pour nous joindre en dehors de ces horaires :<\/p>\n<p>Mme Marie- Christine Hitier<br \/>au\u00a0\u00a005.45.67.94.73<br \/>ou \u00a0au\u00a006 80 96 40 46<\/p>\n\n\n<div class=\"wp-block-image\"><figure class=\"aligncenter size-large\"><a href=\"https:\/\/www.mouthiers-sur-boeme.fr\/wp-content\/uploads\/2023\/10\/600px-Logo_Secours_populaire_francais-e1696751981138.png\"><img loading=\"lazy\" width=\"250\" height=\"250\" src=\"https:\/\/www.mouthiers-sur-boeme.fr\/wp-content\/uploads\/2023\/10\/600px-Logo_Secours_populaire_francais-e1696751981138.png\" alt=\"\" class=\"wp-image-10002\"\/><\/a><\/figure><\/div>\n","protected":false},"excerpt":{"rendered":"<p>Le Secours populaire soutient les personnes et leurs familles victimes de l&rsquo;injustice sociale ( aides alimentaires, chauffage, carburant, vacances, jouets pour No\u00ebl ), calamit\u00e9s naturelles, &#8230;Le local du Secours populaire se situe \u00e0 Mouthiersau\u00a057 rue de la Bo\u00ebme. Heures de permanence\u00a0:tous les samedis, de 10 h \u00e0 12 h. Pour nous joindre en dehors de &hellip; <a href=\"https:\/\/www.mouthiers-sur-boeme.fr\/?page_id=1715\" class=\"more-link\">Continuer la lecture de <span class=\"screen-reader-text\">Secours populaire<\/span>  <span class=\"meta-nav\">&rarr;<\/span><\/a><\/p>\n","protected":false},"author":22,"featured_media":0,"parent":0,"menu_order":0,"comment_status":"closed","ping_status":"closed","template":"","meta":[],"_links":{"self":[{"href":"https:\/\/www.mouthiers-sur-boeme.fr\/index.php?rest_route=\/wp\/v2\/pages\/1715"}],"collection":[{"href":"https:\/\/www.mouthiers-sur-boeme.fr\/index.php?rest_route=\/wp\/v2\/pages"}],"about":[{"href":"https:\/\/www.mouthiers-sur-boeme.fr\/index.php?rest_route=\/wp\/v2\/types\/page"}],"author":[{"embeddable":true,"href":"https:\/\/www.mouthiers-sur-boeme.fr\/index.php?rest_route=\/wp\/v2\/users\/22"}],"replies":[{"embeddable":true,"href":"https:\/\/www.mouthiers-sur-boeme.fr\/index.php?rest_route=%2Fwp%2Fv2%2Fcomments&post=1715"}],"version-history":[{"count":8,"href":"https:\/\/www.mouthiers-sur-boeme.fr\/index.php?rest_route=\/wp\/v2\/pages\/1715\/revisions"}],"predecessor-version":[{"id":11921,"href":"https:\/\/www.mouthiers-sur-boeme.fr\/index.php?rest_route=\/wp\/v2\/pages\/1715\/revisions\/11921"}],"wp:attachment":[{"href":"https:\/\/www.mouthiers-sur-boeme.fr\/index.php?rest_route=%2Fwp%2Fv2%2Fmedia&parent=1715"}],"curies":[{"name":"wp","href":"https:\/\/api.w.org\/{rel}","templated":true}]}}