{"id":1719,"date":"2014-09-20T09:13:33","date_gmt":"2014-09-20T08:13:33","guid":{"rendered":"http:\/\/blogpeda.ac-poitiers.fr\/iufm6\/?page_id=1719"},"modified":"2026-02-04T15:01:10","modified_gmt":"2026-02-04T14:01:10","slug":"tourbieres-et-loisirs","status":"publish","type":"page","link":"https:\/\/www.mouthiers-sur-boeme.fr\/?page_id=1719","title":{"rendered":"Tourbi\u00e8res et loisirs"},"content":{"rendered":"<p style=\"padding-left: 40px;\">L\u2019 association assure la gestion et l\u2019organisation des saisons de p\u00eache dans les \u00e9tangs communaux.<\/p>\nNos priorit\u00e9s sont :\n&#8211; D\u00e9velopper la pratique de la p\u00eache accessible financi\u00e8rement \u00e0 tous et en toute convivialit\u00e9.\n&#8211; Dans le respect de l\u2019environnement, de la protection de la nature.\nLes saisons commencent le dimanche apr\u00e8s l\u2019ouverture de la truite (mi-mars) et se terminent le 30 novembre.\nLe calendrier des l\u00e2chers de truites, concours, ainsi que le r\u00e8glement sont remis \u00e0 chaque p\u00eacheur lors de la d\u00e9livrance de la carte.\n\nAnnuellement nous alevinons les \u00e9tangs en gardons, carpes, tanches\net proc\u00e9dons \u00e0 de multiples l\u00e2chers de truite tout le long des saisons\n\n<em>Association TOURBIERES et LOISIRS &#8211; 16440 MOUTHIERS sur BOEME d\u00e9clar\u00e9e aupr\u00e8s de la Pr\u00e9fecture de la Charente sous le n\u00b0 W161001737 le 29\/06\/1988 et au JO le 20\/07\/1988<\/em>\n\nContact :<strong><strong>\n<\/strong><\/strong>\n\nMAIRIE\u00a0 05 45 67 92 20\n\nMichel CARTERET 06 74 16 16 66\n\n\n\n \n<h3><strong>L&rsquo;association s&rsquo;est r\u00e9unie le 14 janvier \u00e0 l&rsquo;occasion de son assembl\u00e9e g\u00e9n\u00e9rale annuelle. Ce moment d&rsquo;\u00e9change a permis de revenir sur la saison \u00e9coul\u00e9e et de se projeter vers l&rsquo;ann\u00e9e \u00e0 venir.<\/strong><\/h3>\n \n\nM\u00eame si une l\u00e9g\u00e8re baisse des ventes de cartes de p\u00eaches a \u00e9t\u00e9 constat\u00e9e, le bilan reste tr\u00e8s positif. La saison s&rsquo;est bien d\u00e9roul\u00e9e et a \u00e9t\u00e9 appr\u00e9ci\u00e9e par les p\u00eacheurs. Cette assembl\u00e9e a aussi \u00e9t\u00e9 l&rsquo;occasion de renouveler le bureau de l&rsquo;association. Ont \u00e9t\u00e9 \u00e9lus :\n\n \n<ul>\n \t<li>Pr\u00e9sident : Michel Carteret<\/li>\n \t<li>Vice-Pr\u00e9sident : Jo\u00ebl Trichard<\/li>\n \t<li>Tr\u00e9sori\u00e8re : St\u00e9phanie Papot<\/li>\n \t<li>Tr\u00e9sorier-Adjoint : \u00c9ric Papot<\/li>\n \t<li>Secr\u00e9taire : Albert Boureau<\/li>\n \t<li>Membres du bureau : Jean-Louis Bodin et Jean-Michel Bodin<\/li>\n<\/ul>\n \n\nBonne nouvelle : <strong>La carte annuelle est maintenue \u00e0 25 euros et la carte \u00e0 la journ\u00e9e reste \u00e0 10 euros.<\/strong>\n\n \n\nLes cartes seront en vente uniquement sur le site internet de l&rsquo;association : <strong>tourbieresetloisirs16@gmail.com<\/strong>. Pour ceux qui le souhaitent, deux permanences seront organis\u00e9es les 15 et 22 f\u00e9vrier de 10h \u00e0 12h, ainsi qu&rsquo;\u00e0 chaque l\u00e2cher.\n\n \n\nAutre nouveaut\u00e9 cette ann\u00e9e : L<strong>&lsquo;ouverture de la p\u00eache est avanc\u00e9e au 1\u1d49\u02b3 mars<\/strong>. Pour f\u00eater cette premi\u00e8re journ\u00e9e, une tombola sera organis\u00e9e, afin de d\u00e9marrer la saison dans la bonne humeur. Les dates des prochains l\u00e2chers de poissons seront pr\u00e9cis\u00e9es dans le r\u00e8glement remis lors de l&rsquo;achat des cartes.\n\n \n\nL&rsquo;association Tourbi\u00e8res et Loisirs donne rendez-vous \u00e0 tous les passionn\u00e9s pour partager une nouvelle saison plac\u00e9e sous le signe de la convivialit\u00e9 et du plaisir de la p\u00eache.\n\n\n\n<a style=\"font-size: inherit;\" href=\"mailto:savet.rebeix@orange.fr\" target=\"_blank\" rel=\"noopener\">\u00a0\u00a0<\/a>","protected":false},"excerpt":{"rendered":"<p>L\u2019 association assure la gestion et l\u2019organisation des saisons de p\u00eache dans les \u00e9tangs communaux. Nos priorit\u00e9s sont : &#8211; D\u00e9velopper la pratique de la p\u00eache accessible financi\u00e8rement \u00e0 tous et en toute convivialit\u00e9. &#8211; Dans le respect de l\u2019environnement, de la protection de la nature. Les saisons commencent le dimanche apr\u00e8s l\u2019ouverture de la &hellip; <a href=\"https:\/\/www.mouthiers-sur-boeme.fr\/?page_id=1719\" class=\"more-link\">Continuer la lecture de <span class=\"screen-reader-text\">Tourbi\u00e8res et loisirs<\/span>  <span class=\"meta-nav\">&rarr;<\/span><\/a><\/p>\n","protected":false},"author":22,"featured_media":0,"parent":0,"menu_order":0,"comment_status":"closed","ping_status":"closed","template":"","meta":[],"_links":{"self":[{"href":"https:\/\/www.mouthiers-sur-boeme.fr\/index.php?rest_route=\/wp\/v2\/pages\/1719"}],"collection":[{"href":"https:\/\/www.mouthiers-sur-boeme.fr\/index.php?rest_route=\/wp\/v2\/pages"}],"about":[{"href":"https:\/\/www.mouthiers-sur-boeme.fr\/index.php?rest_route=\/wp\/v2\/types\/page"}],"author":[{"embeddable":true,"href":"https:\/\/www.mouthiers-sur-boeme.fr\/index.php?rest_route=\/wp\/v2\/users\/22"}],"replies":[{"embeddable":true,"href":"https:\/\/www.mouthiers-sur-boeme.fr\/index.php?rest_route=%2Fwp%2Fv2%2Fcomments&post=1719"}],"version-history":[{"count":11,"href":"https:\/\/www.mouthiers-sur-boeme.fr\/index.php?rest_route=\/wp\/v2\/pages\/1719\/revisions"}],"predecessor-version":[{"id":12849,"href":"https:\/\/www.mouthiers-sur-boeme.fr\/index.php?rest_route=\/wp\/v2\/pages\/1719\/revisions\/12849"}],"wp:attachment":[{"href":"https:\/\/www.mouthiers-sur-boeme.fr\/index.php?rest_route=%2Fwp%2Fv2%2Fmedia&parent=1719"}],"curies":[{"name":"wp","href":"https:\/\/api.w.org\/{rel}","templated":true}]}}