{"id":1756,"date":"2014-09-20T09:33:50","date_gmt":"2014-09-20T08:33:50","guid":{"rendered":"http:\/\/blogpeda.ac-poitiers.fr\/iufm6\/?page_id=1756"},"modified":"2026-04-04T15:27:31","modified_gmt":"2026-04-04T14:27:31","slug":"vie-de-la-commune","status":"publish","type":"page","link":"https:\/\/www.mouthiers-sur-boeme.fr\/?page_id=1756","title":{"rendered":"MAIRIE"},"content":{"rendered":"<p>La municipalit\u00e9 est la partie ex\u00e9cutive du conseil municipal, c&rsquo;est \u00e0 dire, le maire, les adjoints et les conseillers municipaux d\u00e9l\u00e9gu\u00e9s. Pour Mouthiers sur Bo\u00ebme, le maire, R\u00e9mi Humbert, est assist\u00e9 de 5 adjoints et de conseillers d\u00e9l\u00e9gu\u00e9s.<\/p>\n<p><a title=\"Les \u00e9lus\" href=\"https:\/\/www.mouthiers-sur-boeme.fr\/?page_id=1760\" target=\"_blank\" rel=\"noopener\">LES ELUS<\/a><\/p>\n<p>Le maire est \u00e0 la fois ex\u00e9cutif de la commune et agent de l\u2019\u00c9tat. Ces deux types de fonctions s\u2019exercent dans des conditions diff\u00e9rentes.<\/p>\n<p>Le maire repr\u00e9sente la commune \u00e0 l\u2019\u00e9gard des tiers. Il est charg\u00e9 de pr\u00e9parer et d\u2019ex\u00e9cuter le budget et les d\u00e9lib\u00e9rations du conseil municipal. Il peut \u00e9galement \u00eatre charg\u00e9 en tout ou partie, de certaines de ses comp\u00e9tences par d\u00e9l\u00e9gation de l\u2019assembl\u00e9e d\u00e9lib\u00e9rante.<\/p>\n<p>Il est seul charg\u00e9 de l\u2019administration municipale, mais il peut proc\u00e9der \u00e0 des d\u00e9l\u00e9gations de fonctions ou de signature.<\/p>\n<p>En outre, le maire est charg\u00e9 des pouvoirs de police.<\/p>\n<p>Le maire exerce ses attributions sous le contr\u00f4le du conseil municipal, dans le cadre des d\u00e9l\u00e9gations qui peuvent lui \u00eatre accord\u00e9es par ce dernier, et \u00e9galement sous le contr\u00f4le du repr\u00e9sentant de l\u2019\u00c9tat dans le d\u00e9partement, puisqu\u2019une grande partie des actes qu\u2019il prend sont soumis au contr\u00f4le de l\u00e9galit\u00e9.<\/p>\n<p>Dans le cadre de ses fonctions, le maire agit \u00e9galement en tant qu\u2019agent de l\u2019Etat. A ce titre il est notamment charg\u00e9 de l\u2019\u00e9tat civil, de la r\u00e9vision et de la tenue des listes \u00e9lectorales, de l\u2019organisation des \u00e9lections ainsi que du recensement citoyen. En outre, il dispose d\u2019attributions sp\u00e9cifiques en mati\u00e8re de police et de s\u00e9curit\u00e9 civile.<\/p>\n","protected":false},"excerpt":{"rendered":"<p>La municipalit\u00e9 est la partie ex\u00e9cutive du conseil municipal, c&rsquo;est \u00e0 dire, le maire, les adjoints et les conseillers municipaux d\u00e9l\u00e9gu\u00e9s. Pour Mouthiers sur Bo\u00ebme, le maire, R\u00e9mi Humbert, est assist\u00e9 de 5 adjoints et de conseillers d\u00e9l\u00e9gu\u00e9s. LES ELUS Le maire est \u00e0 la fois ex\u00e9cutif de la commune et agent de l\u2019\u00c9tat. Ces &hellip; <a href=\"https:\/\/www.mouthiers-sur-boeme.fr\/?page_id=1756\" class=\"more-link\">Continuer la lecture de <span class=\"screen-reader-text\">MAIRIE<\/span>  <span class=\"meta-nav\">&rarr;<\/span><\/a><\/p>\n","protected":false},"author":22,"featured_media":0,"parent":0,"menu_order":0,"comment_status":"closed","ping_status":"closed","template":"","meta":[],"_links":{"self":[{"href":"https:\/\/www.mouthiers-sur-boeme.fr\/index.php?rest_route=\/wp\/v2\/pages\/1756"}],"collection":[{"href":"https:\/\/www.mouthiers-sur-boeme.fr\/index.php?rest_route=\/wp\/v2\/pages"}],"about":[{"href":"https:\/\/www.mouthiers-sur-boeme.fr\/index.php?rest_route=\/wp\/v2\/types\/page"}],"author":[{"embeddable":true,"href":"https:\/\/www.mouthiers-sur-boeme.fr\/index.php?rest_route=\/wp\/v2\/users\/22"}],"replies":[{"embeddable":true,"href":"https:\/\/www.mouthiers-sur-boeme.fr\/index.php?rest_route=%2Fwp%2Fv2%2Fcomments&post=1756"}],"version-history":[{"count":9,"href":"https:\/\/www.mouthiers-sur-boeme.fr\/index.php?rest_route=\/wp\/v2\/pages\/1756\/revisions"}],"predecessor-version":[{"id":13005,"href":"https:\/\/www.mouthiers-sur-boeme.fr\/index.php?rest_route=\/wp\/v2\/pages\/1756\/revisions\/13005"}],"wp:attachment":[{"href":"https:\/\/www.mouthiers-sur-boeme.fr\/index.php?rest_route=%2Fwp%2Fv2%2Fmedia&parent=1756"}],"curies":[{"name":"wp","href":"https:\/\/api.w.org\/{rel}","templated":true}]}}