{"id":1758,"date":"2014-09-20T09:34:26","date_gmt":"2014-09-20T08:34:26","guid":{"rendered":"http:\/\/blogpeda.ac-poitiers.fr\/iufm6\/?page_id=1758"},"modified":"2026-04-04T15:46:21","modified_gmt":"2026-04-04T14:46:21","slug":"conseil-municipal","status":"publish","type":"page","link":"https:\/\/www.mouthiers-sur-boeme.fr\/?page_id=1758","title":{"rendered":"Conseil municipal"},"content":{"rendered":"\n<div class=\"wp-block-image\"><figure class=\"aligncenter size-medium\"><a href=\"https:\/\/www.mouthiers-sur-boeme.fr\/wp-content\/uploads\/2025\/06\/MOUTHIERS-LOGO-DEFINITIF.jpg\"><img loading=\"lazy\" width=\"176\" height=\"300\" src=\"https:\/\/www.mouthiers-sur-boeme.fr\/wp-content\/uploads\/2025\/06\/MOUTHIERS-LOGO-DEFINITIF-176x300.jpg\" alt=\"\" class=\"wp-image-12127\" srcset=\"https:\/\/www.mouthiers-sur-boeme.fr\/wp-content\/uploads\/2025\/06\/MOUTHIERS-LOGO-DEFINITIF-176x300.jpg 176w, https:\/\/www.mouthiers-sur-boeme.fr\/wp-content\/uploads\/2025\/06\/MOUTHIERS-LOGO-DEFINITIF-602x1024.jpg 602w, https:\/\/www.mouthiers-sur-boeme.fr\/wp-content\/uploads\/2025\/06\/MOUTHIERS-LOGO-DEFINITIF-768x1307.jpg 768w, https:\/\/www.mouthiers-sur-boeme.fr\/wp-content\/uploads\/2025\/06\/MOUTHIERS-LOGO-DEFINITIF-903x1536.jpg 903w, https:\/\/www.mouthiers-sur-boeme.fr\/wp-content\/uploads\/2025\/06\/MOUTHIERS-LOGO-DEFINITIF.jpg 1174w\" sizes=\"(max-width: 176px) 100vw, 176px\" \/><\/a><\/figure><\/div>\n\n\n<p>\u00c9lu le 15 mars 2026, pour 6 ans, le conseil municipal est compos\u00e9 de 19 membres.<\/p>\n<p>Son r\u00f4le est de d\u00e9lib\u00e9rer sur la politique men\u00e9e par la commune.<\/p>\n<p><a title=\"Les \u00e9lus\" href=\"https:\/\/www.mouthiers-sur-boeme.fr\/?page_id=1760\" target=\"_blank\" rel=\"noopener noreferrer\">LES \u00c9LUS<\/a><\/p>\n<p>Pour nous contacter :<\/p>\n<p>T\u00e9l\u00e9phone : 05 45 67 92 20 (+33 5 45 67 92 20)<\/p>\n<p>mairie@mouthiers-sur-boeme.fr<\/p>\n<p><strong>\u00a0<\/strong><\/p>\n\n\n<p><a rel=\"noreferrer noopener\" href=\"https:\/\/www.mouthiers-sur-boeme.fr\/?page_id=2343\" data-type=\"URL\" data-id=\"https:\/\/www.mouthiers-sur-boeme.fr\/?page_id=2343\" target=\"_blank\">Les commissions communales<\/a><\/p>\n\n\n\n<p><a href=\"https:\/\/www.mouthiers-sur-boeme.fr\/?page_id=6947\" data-type=\"URL\" data-id=\"https:\/\/www.mouthiers-sur-boeme.fr\/?page_id=6947\">Les d\u00e9lib\u00e9rations et Proc\u00e8s verbaux (2016-2025)<\/a><\/p>\n","protected":false},"excerpt":{"rendered":"<p>\u00c9lu le 15 mars 2026, pour 6 ans, le conseil municipal est compos\u00e9 de 19 membres. Son r\u00f4le est de d\u00e9lib\u00e9rer sur la politique men\u00e9e par la commune. LES \u00c9LUS Pour nous contacter : T\u00e9l\u00e9phone : 05 45 67 92 20 (+33 5 45 67 92 20) mairie@mouthiers-sur-boeme.fr \u00a0 Les commissions communales Les d\u00e9lib\u00e9rations et &hellip; <a href=\"https:\/\/www.mouthiers-sur-boeme.fr\/?page_id=1758\" class=\"more-link\">Continuer la lecture de <span class=\"screen-reader-text\">Conseil municipal<\/span>  <span class=\"meta-nav\">&rarr;<\/span><\/a><\/p>\n","protected":false},"author":22,"featured_media":0,"parent":1756,"menu_order":0,"comment_status":"closed","ping_status":"closed","template":"","meta":[],"_links":{"self":[{"href":"https:\/\/www.mouthiers-sur-boeme.fr\/index.php?rest_route=\/wp\/v2\/pages\/1758"}],"collection":[{"href":"https:\/\/www.mouthiers-sur-boeme.fr\/index.php?rest_route=\/wp\/v2\/pages"}],"about":[{"href":"https:\/\/www.mouthiers-sur-boeme.fr\/index.php?rest_route=\/wp\/v2\/types\/page"}],"author":[{"embeddable":true,"href":"https:\/\/www.mouthiers-sur-boeme.fr\/index.php?rest_route=\/wp\/v2\/users\/22"}],"replies":[{"embeddable":true,"href":"https:\/\/www.mouthiers-sur-boeme.fr\/index.php?rest_route=%2Fwp%2Fv2%2Fcomments&post=1758"}],"version-history":[{"count":22,"href":"https:\/\/www.mouthiers-sur-boeme.fr\/index.php?rest_route=\/wp\/v2\/pages\/1758\/revisions"}],"predecessor-version":[{"id":13011,"href":"https:\/\/www.mouthiers-sur-boeme.fr\/index.php?rest_route=\/wp\/v2\/pages\/1758\/revisions\/13011"}],"up":[{"embeddable":true,"href":"https:\/\/www.mouthiers-sur-boeme.fr\/index.php?rest_route=\/wp\/v2\/pages\/1756"}],"wp:attachment":[{"href":"https:\/\/www.mouthiers-sur-boeme.fr\/index.php?rest_route=%2Fwp%2Fv2%2Fmedia&parent=1758"}],"curies":[{"name":"wp","href":"https:\/\/api.w.org\/{rel}","templated":true}]}}