{"id":1760,"date":"2020-03-15T22:34:44","date_gmt":"2020-03-15T21:34:44","guid":{"rendered":"http:\/\/blogpeda.ac-poitiers.fr\/iufm6\/?page_id=1760"},"modified":"2026-04-04T15:15:54","modified_gmt":"2026-04-04T14:15:54","slug":"les-elus","status":"publish","type":"page","link":"https:\/\/www.mouthiers-sur-boeme.fr\/?page_id=1760","title":{"rendered":"Les \u00e9lus"},"content":{"rendered":"<p><\/p>\n<h1>Une petite mise \u00e0 jour en cours\u2026<\/h1>\n<p> <\/p>\n<p>Nous mettons actuellement \u00e0 jour cette page afin de vous proposer des informations pr\u00e9cises et actualis\u00e9es.<\/p>\n<p> <\/p>\n<p>La liste compl\u00e8te ainsi que les fonctions de chacun seront disponibles tr\u00e8s prochainement.<\/p>\n<p> <\/p>\n<p>Merci pour votre patience &#x1f64f;<\/p>\n<p><\/p>\n<p>\u00a0<\/p>\n<p>\u00a0<\/p>\n<p>\u00a0<\/p>\n<p>\u00a0<\/p>\n<p>\u00a0<\/p>\n<p>\u00a0<\/p>\n\n\n<figure class=\"wp-block-image size-large\"><a href=\"https:\/\/www.mouthiers-sur-boeme.fr\/wp-content\/uploads\/2026\/04\/\u30e9\u30c3\u30d7\u30c8\u30c3\u30d7\u3068\u5973\u6027\u306e\u624b\u5143.jpg\"><img loading=\"lazy\" width=\"540\" height=\"360\" src=\"https:\/\/www.mouthiers-sur-boeme.fr\/wp-content\/uploads\/2026\/04\/\u30e9\u30c3\u30d7\u30c8\u30c3\u30d7\u3068\u5973\u6027\u306e\u624b\u5143.jpg\" alt=\"\" class=\"wp-image-12993\" srcset=\"https:\/\/www.mouthiers-sur-boeme.fr\/wp-content\/uploads\/2026\/04\/\u30e9\u30c3\u30d7\u30c8\u30c3\u30d7\u3068\u5973\u6027\u306e\u624b\u5143.jpg 540w, https:\/\/www.mouthiers-sur-boeme.fr\/wp-content\/uploads\/2026\/04\/\u30e9\u30c3\u30d7\u30c8\u30c3\u30d7\u3068\u5973\u6027\u306e\u624b\u5143-300x200.jpg 300w\" sizes=\"(max-width: 540px) 100vw, 540px\" \/><\/a><\/figure>\n","protected":false},"excerpt":{"rendered":"<p>Une petite mise \u00e0 jour en cours\u2026 Nous mettons actuellement \u00e0 jour cette page afin de vous proposer des informations pr\u00e9cises et actualis\u00e9es. La liste compl\u00e8te ainsi que les fonctions de chacun seront disponibles tr\u00e8s prochainement. Merci pour votre patience &#x1f64f; \u00a0 \u00a0 \u00a0 \u00a0 \u00a0 \u00a0<\/p>\n","protected":false},"author":22,"featured_media":0,"parent":1756,"menu_order":0,"comment_status":"closed","ping_status":"closed","template":"","meta":[],"_links":{"self":[{"href":"https:\/\/www.mouthiers-sur-boeme.fr\/index.php?rest_route=\/wp\/v2\/pages\/1760"}],"collection":[{"href":"https:\/\/www.mouthiers-sur-boeme.fr\/index.php?rest_route=\/wp\/v2\/pages"}],"about":[{"href":"https:\/\/www.mouthiers-sur-boeme.fr\/index.php?rest_route=\/wp\/v2\/types\/page"}],"author":[{"embeddable":true,"href":"https:\/\/www.mouthiers-sur-boeme.fr\/index.php?rest_route=\/wp\/v2\/users\/22"}],"replies":[{"embeddable":true,"href":"https:\/\/www.mouthiers-sur-boeme.fr\/index.php?rest_route=%2Fwp%2Fv2%2Fcomments&post=1760"}],"version-history":[{"count":38,"href":"https:\/\/www.mouthiers-sur-boeme.fr\/index.php?rest_route=\/wp\/v2\/pages\/1760\/revisions"}],"predecessor-version":[{"id":12998,"href":"https:\/\/www.mouthiers-sur-boeme.fr\/index.php?rest_route=\/wp\/v2\/pages\/1760\/revisions\/12998"}],"up":[{"embeddable":true,"href":"https:\/\/www.mouthiers-sur-boeme.fr\/index.php?rest_route=\/wp\/v2\/pages\/1756"}],"wp:attachment":[{"href":"https:\/\/www.mouthiers-sur-boeme.fr\/index.php?rest_route=%2Fwp%2Fv2%2Fmedia&parent=1760"}],"curies":[{"name":"wp","href":"https:\/\/api.w.org\/{rel}","templated":true}]}}