{"id":1786,"date":"2014-09-20T09:39:29","date_gmt":"2014-09-20T08:39:29","guid":{"rendered":"http:\/\/blogpeda.ac-poitiers.fr\/iufm6\/?page_id=1786"},"modified":"2025-11-13T09:48:58","modified_gmt":"2025-11-13T08:48:58","slug":"la-maison-de-retraite","status":"publish","type":"page","link":"https:\/\/www.mouthiers-sur-boeme.fr\/?page_id=1786","title":{"rendered":"CCAS \/ EHPAD de la Bo\u00ebme"},"content":{"rendered":"\n<p class=\"has-medium-font-size\"><strong>CCAS<\/strong><\/p>\n\n\n\n<p><a href=\"https:\/\/portal.atd16.fr\/iframeaffichagesiteweb?siren=261600662\" data-type=\"URL\" data-id=\"https:\/\/portal.atd16.fr\/iframeaffichagesiteweb?siren=261600662\" target=\"_blank\" rel=\"noreferrer noopener\">D\u00e9lib\u00e9rations<\/a><\/p>\n\n\n\n<p><\/p>\n\n\n\n<p><strong>EHPAD de la Bo\u00ebme<br><\/strong>Chemin de la&nbsp; Chauv\u00e8terie<br>16440&nbsp;MOUTHIERS SUR BOEME<\/p>\n\n\n\n<p>T\u00e9l&nbsp; : 05 45 67 84 87 (+33 5 45 67 84 87)<\/p>\n","protected":false},"excerpt":{"rendered":"<p>CCAS D\u00e9lib\u00e9rations EHPAD de la Bo\u00ebmeChemin de la&nbsp; Chauv\u00e8terie16440&nbsp;MOUTHIERS SUR BOEME T\u00e9l&nbsp; : 05 45 67 84 87 (+33 5 45 67 84 87)<\/p>\n","protected":false},"author":22,"featured_media":0,"parent":0,"menu_order":0,"comment_status":"closed","ping_status":"closed","template":"","meta":[],"_links":{"self":[{"href":"https:\/\/www.mouthiers-sur-boeme.fr\/index.php?rest_route=\/wp\/v2\/pages\/1786"}],"collection":[{"href":"https:\/\/www.mouthiers-sur-boeme.fr\/index.php?rest_route=\/wp\/v2\/pages"}],"about":[{"href":"https:\/\/www.mouthiers-sur-boeme.fr\/index.php?rest_route=\/wp\/v2\/types\/page"}],"author":[{"embeddable":true,"href":"https:\/\/www.mouthiers-sur-boeme.fr\/index.php?rest_route=\/wp\/v2\/users\/22"}],"replies":[{"embeddable":true,"href":"https:\/\/www.mouthiers-sur-boeme.fr\/index.php?rest_route=%2Fwp%2Fv2%2Fcomments&post=1786"}],"version-history":[{"count":7,"href":"https:\/\/www.mouthiers-sur-boeme.fr\/index.php?rest_route=\/wp\/v2\/pages\/1786\/revisions"}],"predecessor-version":[{"id":12542,"href":"https:\/\/www.mouthiers-sur-boeme.fr\/index.php?rest_route=\/wp\/v2\/pages\/1786\/revisions\/12542"}],"wp:attachment":[{"href":"https:\/\/www.mouthiers-sur-boeme.fr\/index.php?rest_route=%2Fwp%2Fv2%2Fmedia&parent=1786"}],"curies":[{"name":"wp","href":"https:\/\/api.w.org\/{rel}","templated":true}]}}