{"id":1788,"date":"2014-09-20T09:39:40","date_gmt":"2014-09-20T08:39:40","guid":{"rendered":"http:\/\/blogpeda.ac-poitiers.fr\/iufm6\/?page_id=1788"},"modified":"2026-01-10T10:15:41","modified_gmt":"2026-01-10T09:15:41","slug":"la-mediatheque","status":"publish","type":"page","link":"https:\/\/www.mouthiers-sur-boeme.fr\/?page_id=1788","title":{"rendered":"La m\u00e9diath\u00e8que"},"content":{"rendered":"<div class=\"uk-clearfix\">\n<div class=\"resume\">Ouverte depuis janvier 2014, la m\u00e9diath\u00e8que de Mouthiers est la t\u00eate du r\u00e9seau Papillon-Lecture qui compte 1 m\u00e9diath\u00e8que et 5 biblioth\u00e8ques-relais.<br \/>Elle offre diff\u00e9rents espaces o\u00f9 vous pourrez vous installer, prendre un roman, une bande dessin\u00e9e ou feuilleter un magazine.<br \/>Un espace est totalement consacr\u00e9 aux plus jeunes, tandis que les ados ne sont pas oubli\u00e9s.<\/div>\n<div>\u00a0<\/div>\n<\/div>\n<div class=\"infosBib\">\n<div class=\"horBib\">\n<p>MARDI 9h-12h30<br \/>MERCREDI 13H30-18H<br \/>JEUDI 9h-12h30<br \/>VENDREDI 16h-18h<br \/>SAMEDI 10h-12h30 et 13h30-16h30 <span style=\"color: #ff0000;\">except\u00e9 les 1ers samedis du mois. La m\u00e9diath\u00e8que sera ferm\u00e9e.<\/span><\/p>\n<p>L&rsquo;ouverture du samedi toute la journ\u00e9e sera assur\u00e9e \u00e0 tour de r\u00f4le par un duo form\u00e9 d&rsquo;un salari\u00e9 et d&rsquo;un b\u00e9n\u00e9vole.<\/p>\n<\/div>\n<\/div>\n<h3>Coordonn\u00e9es<\/h3>\n<div class=\"coordBib\">M\u00e9diath\u00e8que de Mouthiers-sur-Bo\u00ebme<br \/>3 Place Petite Rosselle<br \/>16440 Mouthiers-sur-Bo\u00ebme<br \/>05 45 67 89 47<\/div>\n<div>Adresse mail : mediatheque@mouthiers-sur-boeme.fr<\/div>\n<div>Retrouvez-nous sur Facebook :<\/div>\n<div>https:\/\/www.facebook.com\/people\/M\u00e9diath\u00e8que-de-Mouthiers-Papillon-Lecture\/100054981216031\/<\/div>\n<p>\u00a0<\/p>\n\n\n<p><em>L&rsquo;\u00e9quipe de la m\u00e9diath\u00e8que<\/em><\/p>\n","protected":false},"excerpt":{"rendered":"<p>Ouverte depuis janvier 2014, la m\u00e9diath\u00e8que de Mouthiers est la t\u00eate du r\u00e9seau Papillon-Lecture qui compte 1 m\u00e9diath\u00e8que et 5 biblioth\u00e8ques-relais.Elle offre diff\u00e9rents espaces o\u00f9 vous pourrez vous installer, prendre un roman, une bande dessin\u00e9e ou feuilleter un magazine.Un espace est totalement consacr\u00e9 aux plus jeunes, tandis que les ados ne sont pas oubli\u00e9s. \u00a0 &hellip; <a href=\"https:\/\/www.mouthiers-sur-boeme.fr\/?page_id=1788\" class=\"more-link\">Continuer la lecture de <span class=\"screen-reader-text\">La m\u00e9diath\u00e8que<\/span>  <span class=\"meta-nav\">&rarr;<\/span><\/a><\/p>\n","protected":false},"author":22,"featured_media":2418,"parent":0,"menu_order":0,"comment_status":"closed","ping_status":"closed","template":"","meta":[],"_links":{"self":[{"href":"https:\/\/www.mouthiers-sur-boeme.fr\/index.php?rest_route=\/wp\/v2\/pages\/1788"}],"collection":[{"href":"https:\/\/www.mouthiers-sur-boeme.fr\/index.php?rest_route=\/wp\/v2\/pages"}],"about":[{"href":"https:\/\/www.mouthiers-sur-boeme.fr\/index.php?rest_route=\/wp\/v2\/types\/page"}],"author":[{"embeddable":true,"href":"https:\/\/www.mouthiers-sur-boeme.fr\/index.php?rest_route=\/wp\/v2\/users\/22"}],"replies":[{"embeddable":true,"href":"https:\/\/www.mouthiers-sur-boeme.fr\/index.php?rest_route=%2Fwp%2Fv2%2Fcomments&post=1788"}],"version-history":[{"count":38,"href":"https:\/\/www.mouthiers-sur-boeme.fr\/index.php?rest_route=\/wp\/v2\/pages\/1788\/revisions"}],"predecessor-version":[{"id":12755,"href":"https:\/\/www.mouthiers-sur-boeme.fr\/index.php?rest_route=\/wp\/v2\/pages\/1788\/revisions\/12755"}],"wp:featuredmedia":[{"embeddable":true,"href":"https:\/\/www.mouthiers-sur-boeme.fr\/index.php?rest_route=\/wp\/v2\/media\/2418"}],"wp:attachment":[{"href":"https:\/\/www.mouthiers-sur-boeme.fr\/index.php?rest_route=%2Fwp%2Fv2%2Fmedia&parent=1788"}],"curies":[{"name":"wp","href":"https:\/\/api.w.org\/{rel}","templated":true}]}}