{"id":1792,"date":"2014-09-20T09:40:16","date_gmt":"2014-09-20T08:40:16","guid":{"rendered":"http:\/\/blogpeda.ac-poitiers.fr\/iufm6\/?page_id=1792"},"modified":"2025-12-18T10:27:35","modified_gmt":"2025-12-18T09:27:35","slug":"lecole-elementaire","status":"publish","type":"page","link":"https:\/\/www.mouthiers-sur-boeme.fr\/?page_id=1792","title":{"rendered":"Groupe scolaire et caisse des \u00e9coles"},"content":{"rendered":"<h3><strong>\u00c9cole primaire publique<\/strong><strong> \u00ab\u00a0les tilleuls\u00a0\u00bb<\/strong><\/h3>\n<p>34 RUE DU 24 AOUT 1944<\/p>\n<p>16440 MOUTHIERS SUR BOEME<\/p>\n<p>T\u00e9l : 05 45 67 93 77&nbsp;&nbsp;&nbsp;&nbsp;&nbsp;&nbsp;&nbsp;&nbsp; classes \u00e9l\u00e9mentaires <strong>et direction<\/strong><\/p>\n<p>T\u00e9l : 05 45 67 92 84 &nbsp; &nbsp; &nbsp; &nbsp; classes maternelles<\/p>\n<p>T\u00e9l : 05 45 67 82 82&nbsp;&nbsp;&nbsp;&nbsp;&nbsp;&nbsp; &nbsp; caisse des \u00e9coles&nbsp; (restauration , transport)<\/p>\n<p>Courriel : ce.0161016T@ac-poitiers.fr<\/p>\n<p>Le blog de l&rsquo;\u00e9cole : <a title=\"blog\" href=\"http:\/\/blogs16.ac-poitiers.fr\/mouthiers\/\" target=\"_blank\" rel=\"noopener\">http:\/\/blogs16.ac-poitiers.fr\/mouthiers\/<\/a><\/p>\n<p class=\"western\" align=\"center\"><\/p>\n\n\n<h3 class=\"has-medium-font-size\">Caisse des \u00e9coles <\/h3>\n\n\n\n<p><a href=\"https:\/\/portal.atd16.fr\/iframeaffichagesiteweb?siren=261600845\" data-type=\"URL\" data-id=\"https:\/\/portal.atd16.fr\/iframeaffichagesiteweb?siren=261600845\" target=\"_blank\" rel=\"noreferrer noopener\">D\u00e9lib\u00e9rations<\/a><\/p>\n\n\n\n<p>Pour r\u00e9gler en ligne vos avis de paiement re\u00e7us de la caisse des \u00e9coles, merci de compl\u00e9ter le formulaire ci-dessous.<\/p>\n\n\n\n<iframe loading=\"lazy\" style=\"width: 100%; overflow: visible;\" src=\"https:\/\/tipi.atd16.fr\/iframe\/index.php?numcli=033337\" width=\"300\" height=\"900\" frameborder=\"0\" marginwidth=\"0\" marginheight=\"0\"><\/iframe>\n","protected":false},"excerpt":{"rendered":"<p>\u00c9cole primaire publique \u00ab\u00a0les tilleuls\u00a0\u00bb 34 RUE DU 24 AOUT 1944 16440 MOUTHIERS SUR BOEME T\u00e9l : 05 45 67 93 77&nbsp;&nbsp;&nbsp;&nbsp;&nbsp;&nbsp;&nbsp;&nbsp; classes \u00e9l\u00e9mentaires et direction T\u00e9l : 05 45 67 92 84 &nbsp; &nbsp; &nbsp; &nbsp; classes maternelles T\u00e9l : 05 45 67 82 82&nbsp;&nbsp;&nbsp;&nbsp;&nbsp;&nbsp; &nbsp; caisse des \u00e9coles&nbsp; (restauration , transport) Courriel : &hellip; <a href=\"https:\/\/www.mouthiers-sur-boeme.fr\/?page_id=1792\" class=\"more-link\">Continuer la lecture de <span class=\"screen-reader-text\">Groupe scolaire et caisse des \u00e9coles<\/span>  <span class=\"meta-nav\">&rarr;<\/span><\/a><\/p>\n","protected":false},"author":22,"featured_media":0,"parent":0,"menu_order":0,"comment_status":"closed","ping_status":"closed","template":"","meta":[],"_links":{"self":[{"href":"https:\/\/www.mouthiers-sur-boeme.fr\/index.php?rest_route=\/wp\/v2\/pages\/1792"}],"collection":[{"href":"https:\/\/www.mouthiers-sur-boeme.fr\/index.php?rest_route=\/wp\/v2\/pages"}],"about":[{"href":"https:\/\/www.mouthiers-sur-boeme.fr\/index.php?rest_route=\/wp\/v2\/types\/page"}],"author":[{"embeddable":true,"href":"https:\/\/www.mouthiers-sur-boeme.fr\/index.php?rest_route=\/wp\/v2\/users\/22"}],"replies":[{"embeddable":true,"href":"https:\/\/www.mouthiers-sur-boeme.fr\/index.php?rest_route=%2Fwp%2Fv2%2Fcomments&post=1792"}],"version-history":[{"count":32,"href":"https:\/\/www.mouthiers-sur-boeme.fr\/index.php?rest_route=\/wp\/v2\/pages\/1792\/revisions"}],"predecessor-version":[{"id":12681,"href":"https:\/\/www.mouthiers-sur-boeme.fr\/index.php?rest_route=\/wp\/v2\/pages\/1792\/revisions\/12681"}],"wp:attachment":[{"href":"https:\/\/www.mouthiers-sur-boeme.fr\/index.php?rest_route=%2Fwp%2Fv2%2Fmedia&parent=1792"}],"curies":[{"name":"wp","href":"https:\/\/api.w.org\/{rel}","templated":true}]}}