{"id":2343,"date":"2020-10-11T09:10:40","date_gmt":"2020-10-11T08:10:40","guid":{"rendered":"https:\/\/www.mouthiers-sur-boeme.fr\/?page_id=2343"},"modified":"2026-04-04T15:20:08","modified_gmt":"2026-04-04T14:20:08","slug":"les-commissions-et-comites-consultatifs","status":"publish","type":"page","link":"https:\/\/www.mouthiers-sur-boeme.fr\/?page_id=2343","title":{"rendered":"Composition des commissions th\u00e9matiques"},"content":{"rendered":"\n<h1>Une petite mise \u00e0 jour en cours\u2026<\/h1>\n\n\n\n<p>Nous mettons actuellement \u00e0 jour cette page afin de vous proposer des informations pr\u00e9cises et actualis\u00e9es.<\/p>\n\n\n\n<p>Elle sera disponible tr\u00e8s prochainement.<\/p>\n\n\n\n<p>Merci pour votre patience &#x1f64f;<\/p>\n","protected":false},"excerpt":{"rendered":"<p>Une petite mise \u00e0 jour en cours\u2026 Nous mettons actuellement \u00e0 jour cette page afin de vous proposer des informations pr\u00e9cises et actualis\u00e9es. Elle sera disponible tr\u00e8s prochainement. Merci pour votre patience &#x1f64f;<\/p>\n","protected":false},"author":22,"featured_media":0,"parent":1663,"menu_order":1,"comment_status":"closed","ping_status":"open","template":"","meta":[],"_links":{"self":[{"href":"https:\/\/www.mouthiers-sur-boeme.fr\/index.php?rest_route=\/wp\/v2\/pages\/2343"}],"collection":[{"href":"https:\/\/www.mouthiers-sur-boeme.fr\/index.php?rest_route=\/wp\/v2\/pages"}],"about":[{"href":"https:\/\/www.mouthiers-sur-boeme.fr\/index.php?rest_route=\/wp\/v2\/types\/page"}],"author":[{"embeddable":true,"href":"https:\/\/www.mouthiers-sur-boeme.fr\/index.php?rest_route=\/wp\/v2\/users\/22"}],"replies":[{"embeddable":true,"href":"https:\/\/www.mouthiers-sur-boeme.fr\/index.php?rest_route=%2Fwp%2Fv2%2Fcomments&post=2343"}],"version-history":[{"count":15,"href":"https:\/\/www.mouthiers-sur-boeme.fr\/index.php?rest_route=\/wp\/v2\/pages\/2343\/revisions"}],"predecessor-version":[{"id":13000,"href":"https:\/\/www.mouthiers-sur-boeme.fr\/index.php?rest_route=\/wp\/v2\/pages\/2343\/revisions\/13000"}],"up":[{"embeddable":true,"href":"https:\/\/www.mouthiers-sur-boeme.fr\/index.php?rest_route=\/wp\/v2\/pages\/1663"}],"wp:attachment":[{"href":"https:\/\/www.mouthiers-sur-boeme.fr\/index.php?rest_route=%2Fwp%2Fv2%2Fmedia&parent=2343"}],"curies":[{"name":"wp","href":"https:\/\/api.w.org\/{rel}","templated":true}]}}