{"id":2616,"date":"2020-04-12T10:38:30","date_gmt":"2020-04-12T09:38:30","guid":{"rendered":"https:\/\/www.mouthiers-sur-boeme.fr\/?page_id=2616"},"modified":"2020-04-12T10:41:56","modified_gmt":"2020-04-12T09:41:56","slug":"generation-boeme-2","status":"publish","type":"page","link":"https:\/\/www.mouthiers-sur-boeme.fr\/?page_id=2616","title":{"rendered":"G\u00e9n\u00e9ration Bo\u00ebme"},"content":{"rendered":"<p><em>Rencontre hebdomadaires, repas, sorties, voyages, rencontre f\u00e9d\u00e9ration.<br \/>\nParcours du\u00a0coeur et journ\u00e9e de l&rsquo;amiti\u00e9.<br \/>\nMme Jacqueline Brouillet<br \/>\n<\/em><\/p>\n<p><em>20 chemin de la Croix Ronde &#8211; 16400 mouthiers sur bo\u00ebme <span id=\"OBJ_PREFIX_DWT1237_com_zimbra_phone\" class=\"Object\" role=\"link\"><a href=\"callto:0545679295\">0545679295<\/a><\/span>\u00a0<\/em><\/p>\n<p><em> <span id=\"OBJ_PREFIX_DWT1238_com_zimbra_phone\" class=\"Object\" role=\"link\"><a href=\"callto:0640239789\">0640239789<\/a><\/span><\/em><\/p>\n<p><em> <span id=\"OBJ_PREFIX_DWT1239_ZmEmailObjectHandler\" class=\"Object\" role=\"link\"><span id=\"OBJ_PREFIX_DWT1287_ZmEmailObjectHandler\" class=\"Object\" role=\"link\"><a href=\"mailto:jacquotte.brouillet@hotmail.fr\" target=\"_blank\" rel=\"noopener\">jacquotte.brouillet@hotmail.fr<\/a><\/span><\/span><\/em><\/p>\n","protected":false},"excerpt":{"rendered":"<p>Rencontre hebdomadaires, repas, sorties, voyages, rencontre f\u00e9d\u00e9ration. Parcours du\u00a0coeur et journ\u00e9e de l&rsquo;amiti\u00e9. Mme Jacqueline Brouillet 20 chemin de la Croix Ronde &#8211; 16400 mouthiers sur bo\u00ebme 0545679295\u00a0 0640239789 jacquotte.brouillet@hotmail.fr<\/p>\n","protected":false},"author":22,"featured_media":0,"parent":0,"menu_order":0,"comment_status":"open","ping_status":"open","template":"","meta":[],"_links":{"self":[{"href":"https:\/\/www.mouthiers-sur-boeme.fr\/index.php?rest_route=\/wp\/v2\/pages\/2616"}],"collection":[{"href":"https:\/\/www.mouthiers-sur-boeme.fr\/index.php?rest_route=\/wp\/v2\/pages"}],"about":[{"href":"https:\/\/www.mouthiers-sur-boeme.fr\/index.php?rest_route=\/wp\/v2\/types\/page"}],"author":[{"embeddable":true,"href":"https:\/\/www.mouthiers-sur-boeme.fr\/index.php?rest_route=\/wp\/v2\/users\/22"}],"replies":[{"embeddable":true,"href":"https:\/\/www.mouthiers-sur-boeme.fr\/index.php?rest_route=%2Fwp%2Fv2%2Fcomments&post=2616"}],"version-history":[{"count":3,"href":"https:\/\/www.mouthiers-sur-boeme.fr\/index.php?rest_route=\/wp\/v2\/pages\/2616\/revisions"}],"predecessor-version":[{"id":8148,"href":"https:\/\/www.mouthiers-sur-boeme.fr\/index.php?rest_route=\/wp\/v2\/pages\/2616\/revisions\/8148"}],"wp:attachment":[{"href":"https:\/\/www.mouthiers-sur-boeme.fr\/index.php?rest_route=%2Fwp%2Fv2%2Fmedia&parent=2616"}],"curies":[{"name":"wp","href":"https:\/\/api.w.org\/{rel}","templated":true}]}}