{"id":3870,"date":"2016-04-20T14:18:13","date_gmt":"2016-04-20T13:18:13","guid":{"rendered":"https:\/\/www.mouthiers-sur-boeme.fr\/?page_id=3870"},"modified":"2026-04-05T13:19:13","modified_gmt":"2026-04-05T12:19:13","slug":"pour-nous-contacter","status":"publish","type":"page","link":"https:\/\/www.mouthiers-sur-boeme.fr\/?page_id=3870","title":{"rendered":"Contactez-nous !"},"content":{"rendered":"<p style=\"text-align: center;\"><a href=\"https:\/\/www.mouthiers-sur-boeme.fr\/wp-content\/uploads\/2016\/04\/imagesCA2KK3PP.jpg\"><img loading=\"lazy\" class=\"size-full wp-image-3871 alignleft\" src=\"https:\/\/www.mouthiers-sur-boeme.fr\/wp-content\/uploads\/2016\/04\/imagesCA2KK3PP.jpg\" alt=\"imagesCA2KK3PP\" width=\"192\" height=\"144\" \/><\/a><\/p>\n<p>\u00a0<\/p>\n<p>\u00a0<\/p>\n<p>\u00a0<\/p>\n<p>\u00a0<\/p>\n<p><strong>Mairie de Mouthiers sur Bo\u00ebme<\/strong><br \/>8, place du Champ de Foire 16440 Mouthiers sur Bo\u00ebme<\/p>\n<p>\u00a0<\/p>\n\n\n<h3>Une question ? Contactez-nous<\/h3>\n\n\n\n<p>Pour toute demande d\u2019information ou d\u00e9marche, vous pouvez utiliser le formulaire ci-dessous ou appeler au 05 45 67 92 20<\/p>\n\n\n\n<p>L\u2019\u00e9quipe de la mairie reste \u00e0 votre \u00e9coute et vous r\u00e9pondra dans les meilleurs d\u00e9lais.<\/p>\n\n\n\n<hr class=\"wp-block-separator\"\/>\n\n\n\n<div class=\"wp-block-contact-form-7-contact-form-selector\"><div role=\"form\" class=\"wpcf7\" id=\"wpcf7-f2427-o1\" lang=\"fr-FR\" dir=\"ltr\">\n<div class=\"screen-reader-response\"><p role=\"status\" aria-live=\"polite\" aria-atomic=\"true\"><\/p> <ul><\/ul><\/div>\n<form action=\"\/index.php?rest_route=%2Fwp%2Fv2%2Fpages%2F3870#wpcf7-f2427-o1\" method=\"post\" class=\"wpcf7-form init\" novalidate=\"novalidate\" data-status=\"init\">\n<div style=\"display: none;\">\n<input type=\"hidden\" name=\"_wpcf7\" value=\"2427\" \/>\n<input type=\"hidden\" name=\"_wpcf7_version\" value=\"5.4.1\" \/>\n<input type=\"hidden\" name=\"_wpcf7_locale\" value=\"fr_FR\" \/>\n<input type=\"hidden\" name=\"_wpcf7_unit_tag\" value=\"wpcf7-f2427-o1\" \/>\n<input type=\"hidden\" name=\"_wpcf7_container_post\" value=\"0\" \/>\n<input type=\"hidden\" name=\"_wpcf7_posted_data_hash\" value=\"\" \/>\n<\/div>\n<p>Votre nom (obligatoire)<br \/>\n    <span class=\"wpcf7-form-control-wrap your-name\"><input type=\"text\" name=\"your-name\" value=\"\" size=\"40\" class=\"wpcf7-form-control wpcf7-text wpcf7-validates-as-required\" aria-required=\"true\" aria-invalid=\"false\" \/><\/span> <\/p>\n<p>Votre email (obligatoire)<br \/>\n    <span class=\"wpcf7-form-control-wrap your-email\"><input type=\"email\" name=\"your-email\" value=\"\" size=\"40\" class=\"wpcf7-form-control wpcf7-text wpcf7-email wpcf7-validates-as-required wpcf7-validates-as-email\" aria-required=\"true\" aria-invalid=\"false\" \/><\/span> <\/p>\n<p>Sujet<br \/>\n    <span class=\"wpcf7-form-control-wrap your-subject\"><input type=\"text\" name=\"your-subject\" value=\"\" size=\"40\" class=\"wpcf7-form-control wpcf7-text\" aria-invalid=\"false\" \/><\/span> <\/p>\n<p>Votre message<br \/>\n    <span class=\"wpcf7-form-control-wrap your-message\"><textarea name=\"your-message\" cols=\"40\" rows=\"10\" class=\"wpcf7-form-control wpcf7-textarea\" aria-invalid=\"false\"><\/textarea><\/span> <\/p>\n<p><input type=\"submit\" value=\"Envoyer\" class=\"wpcf7-form-control wpcf7-submit\" \/><\/p>\n<div class=\"wpcf7-response-output\" aria-hidden=\"true\"><\/div><\/form><\/div><\/div>\n","protected":false},"excerpt":{"rendered":"<p>\u00a0 \u00a0 \u00a0 \u00a0 Mairie de Mouthiers sur Bo\u00ebme8, place du Champ de Foire 16440 Mouthiers sur Bo\u00ebme \u00a0 Une question ? Contactez-nous Pour toute demande d\u2019information ou d\u00e9marche, vous pouvez utiliser le formulaire ci-dessous ou appeler au 05 45 67 92 20 L\u2019\u00e9quipe de la mairie reste \u00e0 votre \u00e9coute et vous r\u00e9pondra dans &hellip; <a href=\"https:\/\/www.mouthiers-sur-boeme.fr\/?page_id=3870\" class=\"more-link\">Continuer la lecture de <span class=\"screen-reader-text\">Contactez-nous !<\/span>  <span class=\"meta-nav\">&rarr;<\/span><\/a><\/p>\n","protected":false},"author":22,"featured_media":0,"parent":0,"menu_order":0,"comment_status":"closed","ping_status":"closed","template":"","meta":[],"_links":{"self":[{"href":"https:\/\/www.mouthiers-sur-boeme.fr\/index.php?rest_route=\/wp\/v2\/pages\/3870"}],"collection":[{"href":"https:\/\/www.mouthiers-sur-boeme.fr\/index.php?rest_route=\/wp\/v2\/pages"}],"about":[{"href":"https:\/\/www.mouthiers-sur-boeme.fr\/index.php?rest_route=\/wp\/v2\/types\/page"}],"author":[{"embeddable":true,"href":"https:\/\/www.mouthiers-sur-boeme.fr\/index.php?rest_route=\/wp\/v2\/users\/22"}],"replies":[{"embeddable":true,"href":"https:\/\/www.mouthiers-sur-boeme.fr\/index.php?rest_route=%2Fwp%2Fv2%2Fcomments&post=3870"}],"version-history":[{"count":5,"href":"https:\/\/www.mouthiers-sur-boeme.fr\/index.php?rest_route=\/wp\/v2\/pages\/3870\/revisions"}],"predecessor-version":[{"id":13024,"href":"https:\/\/www.mouthiers-sur-boeme.fr\/index.php?rest_route=\/wp\/v2\/pages\/3870\/revisions\/13024"}],"wp:attachment":[{"href":"https:\/\/www.mouthiers-sur-boeme.fr\/index.php?rest_route=%2Fwp%2Fv2%2Fmedia&parent=3870"}],"curies":[{"name":"wp","href":"https:\/\/api.w.org\/{rel}","templated":true}]}}