{"id":5260,"date":"2018-04-06T17:14:22","date_gmt":"2018-04-06T16:14:22","guid":{"rendered":"https:\/\/www.mouthiers-sur-boeme.fr\/?page_id=5260"},"modified":"2023-05-21T08:37:33","modified_gmt":"2023-05-21T07:37:33","slug":"festival-mouthiers-fete-la-biodiversite","status":"publish","type":"page","link":"https:\/\/www.mouthiers-sur-boeme.fr\/?page_id=5260","title":{"rendered":"festival mouthiers f\u00eate LA BIODIVERSITE"},"content":{"rendered":"\n<h1 class=\"has-text-align-center has-text-color\" style=\"color:#87350d;font-size:37px\"><strong>3 \u00e8me \u00e9dition du festival \u00ab\u00a0Mouthiers f\u00eate la biodiversit\u00e9\u00a0\u00bb du 30 au 2 octobre 2022<\/strong><\/h1>\n\n\n\n<div class=\"wp-block-image\"><figure class=\"aligncenter size-large\"><a href=\"https:\/\/www.mouthiers-sur-boeme.fr\/wp-content\/uploads\/2022\/09\/AfficheFESTIVAL-BIODIVERSITE-2022-V2-2-scaled.jpg\"><img loading=\"lazy\" width=\"724\" height=\"1024\" src=\"https:\/\/www.mouthiers-sur-boeme.fr\/wp-content\/uploads\/2022\/09\/AfficheFESTIVAL-BIODIVERSITE-2022-V2-2-724x1024.jpg\" alt=\"\" class=\"wp-image-9304\" srcset=\"https:\/\/www.mouthiers-sur-boeme.fr\/wp-content\/uploads\/2022\/09\/AfficheFESTIVAL-BIODIVERSITE-2022-V2-2-724x1024.jpg 724w, https:\/\/www.mouthiers-sur-boeme.fr\/wp-content\/uploads\/2022\/09\/AfficheFESTIVAL-BIODIVERSITE-2022-V2-2-212x300.jpg 212w, https:\/\/www.mouthiers-sur-boeme.fr\/wp-content\/uploads\/2022\/09\/AfficheFESTIVAL-BIODIVERSITE-2022-V2-2-768x1086.jpg 768w, https:\/\/www.mouthiers-sur-boeme.fr\/wp-content\/uploads\/2022\/09\/AfficheFESTIVAL-BIODIVERSITE-2022-V2-2-1086x1536.jpg 1086w, https:\/\/www.mouthiers-sur-boeme.fr\/wp-content\/uploads\/2022\/09\/AfficheFESTIVAL-BIODIVERSITE-2022-V2-2-1448x2048.jpg 1448w, https:\/\/www.mouthiers-sur-boeme.fr\/wp-content\/uploads\/2022\/09\/AfficheFESTIVAL-BIODIVERSITE-2022-V2-2-scaled.jpg 1810w\" sizes=\"(max-width: 724px) 100vw, 724px\" \/><\/a><\/figure><\/div>\n\n\n\n<figure class=\"wp-block-image size-large\"><a href=\"https:\/\/www.mouthiers-sur-boeme.fr\/wp-content\/uploads\/2022\/09\/RectoProgrammation-FESTIVAL-BIODIVERSITE-2022.jpg\"><img loading=\"lazy\" width=\"800\" height=\"534\" src=\"https:\/\/www.mouthiers-sur-boeme.fr\/wp-content\/uploads\/2022\/09\/RectoProgrammation-FESTIVAL-BIODIVERSITE-2022.jpg\" alt=\"\" class=\"wp-image-9312\" srcset=\"https:\/\/www.mouthiers-sur-boeme.fr\/wp-content\/uploads\/2022\/09\/RectoProgrammation-FESTIVAL-BIODIVERSITE-2022.jpg 800w, https:\/\/www.mouthiers-sur-boeme.fr\/wp-content\/uploads\/2022\/09\/RectoProgrammation-FESTIVAL-BIODIVERSITE-2022-300x200.jpg 300w, https:\/\/www.mouthiers-sur-boeme.fr\/wp-content\/uploads\/2022\/09\/RectoProgrammation-FESTIVAL-BIODIVERSITE-2022-768x513.jpg 768w\" sizes=\"(max-width: 800px) 100vw, 800px\" \/><\/a><\/figure>\n\n\n\n<figure class=\"wp-block-image size-large\"><a href=\"https:\/\/www.mouthiers-sur-boeme.fr\/wp-content\/uploads\/2022\/09\/VersojpegProgrammation-festival.jpg\"><img loading=\"lazy\" width=\"800\" height=\"565\" src=\"https:\/\/www.mouthiers-sur-boeme.fr\/wp-content\/uploads\/2022\/09\/VersojpegProgrammation-festival.jpg\" alt=\"\" class=\"wp-image-9313\" srcset=\"https:\/\/www.mouthiers-sur-boeme.fr\/wp-content\/uploads\/2022\/09\/VersojpegProgrammation-festival.jpg 800w, https:\/\/www.mouthiers-sur-boeme.fr\/wp-content\/uploads\/2022\/09\/VersojpegProgrammation-festival-300x212.jpg 300w, https:\/\/www.mouthiers-sur-boeme.fr\/wp-content\/uploads\/2022\/09\/VersojpegProgrammation-festival-768x542.jpg 768w\" sizes=\"(max-width: 800px) 100vw, 800px\" \/><\/a><\/figure>\n\n\n\n<h1 class=\"has-medium-font-size\"><a href=\"https:\/\/fr-fr.facebook.com\/tvbmouthiers\/\" data-type=\"URL\" data-id=\"https:\/\/fr-fr.facebook.com\/tvbmouthiers\/\" target=\"_blank\" rel=\"noreferrer noopener\">&nbsp;Retrouvez-nous aussi sur notre page Facebook<\/a><\/h1>\n\n\n\n<hr class=\"wp-block-separator\"\/>\n\n\n\n<hr class=\"wp-block-separator\"\/>\n\n\n\n<hr class=\"wp-block-separator\"\/>\n\n\n\n<h1 class=\"has-text-align-center has-text-color has-large-font-size\" style=\"color:#0e90c8\">2\u00e8me \u00e9dition du Festival<\/h1>\n\n\n\n<h1 class=\"has-text-align-center has-text-color has-large-font-size\" style=\"color:#0e90c8\">\u00ab\u00a0Mouthiers f\u00eate la biodiversit\u00e9\u00a0\u00bb<\/h1>\n\n\n\n<h1 class=\"has-text-align-center has-text-color has-large-font-size\" style=\"color:#0e90c8\">les 17, 18 et 19 octobre 2019<\/h1>\n\n\n\n<h1><img loading=\"lazy\" class=\"size-medium wp-image-7620 aligncenter\" src=\"https:\/\/www.mouthiers-sur-boeme.fr\/wp-content\/uploads\/2019\/09\/Affiche-A3_MFlB19_v2b-212x300.jpg\" alt=\"\" width=\"212\" height=\"300\" srcset=\"https:\/\/www.mouthiers-sur-boeme.fr\/wp-content\/uploads\/2019\/09\/Affiche-A3_MFlB19_v2b-212x300.jpg 212w, https:\/\/www.mouthiers-sur-boeme.fr\/wp-content\/uploads\/2019\/09\/Affiche-A3_MFlB19_v2b-768x1086.jpg 768w, https:\/\/www.mouthiers-sur-boeme.fr\/wp-content\/uploads\/2019\/09\/Affiche-A3_MFlB19_v2b-724x1024.jpg 724w\" sizes=\"(max-width: 212px) 100vw, 212px\" \/><\/h1>\n\n\n\n<p>Dans le cadre de la Trame verte et bleue, la commune de Mouthiers-sur-Bo\u00ebme organise le 2\u00e8me&nbsp; festival \u00ab Mouthiers f\u00eate la biodiversit\u00e9 \u00bb les 17, 18 et 19 octobre 2019.<\/p>\n\n\n\n<p><a href=\"https:\/\/www.mouthiers-sur-boeme.fr\/wp-content\/uploads\/2018\/04\/Affiche-A3_MouthiersFlB19_v21.pdf\">Affiche A3 MouthiersFlB19<\/a><\/p>\n\n\n\n<p><a href=\"https:\/\/www.mouthiers-sur-boeme.fr\/wp-content\/uploads\/2019\/09\/Prog_FdlB_v3.pdf\">LE PROGRAMME<\/a><\/p>\n\n\n\n<p><span style=\"color: #ff0000;\">ATTENTION MODIFICATION DE DERNI\u00c8RE MINUTE<\/span> :&nbsp; Pour la conf\u00e9rence \u00ab\u00a0L&rsquo;eau et le papier\u00a0\u00bb Monsieur Jacques Br\u00e9joux remplacera Monsieur Denis Peaucelle.<\/p>\n\n\n\n<h3><strong>Jeudi 17 octobre<\/strong>&nbsp; <strong>salle G.Ploquin<\/strong><\/h3>\n\n\n\n<p>CIN\u00c9MA<\/p>\n\n\n\n<p>s\u00e9ance scolaire 13h30 &nbsp;&nbsp;&nbsp;&nbsp;&nbsp;&nbsp;&nbsp;&nbsp;&nbsp; <a href=\"http:\/\/www.allocine.fr\/film\/fichefilm_gen_cfilm=132122.html\" target=\"_blank\" rel=\"noopener\">LA CL\u00c9 DES CHAMPS&nbsp;<\/a><\/p>\n\n\n\n<p>20h30&nbsp; cin\u00e9 d\u00e9bat &nbsp;&nbsp;&nbsp;&nbsp;&nbsp;&nbsp;&nbsp;&nbsp; <a href=\"http:\/\/www.allocine.fr\/film\/fichefilm_gen_cfilm=191132.html\" target=\"_blank\" rel=\"noopener\">WATER,LE POUVOIR SECRET DE L&rsquo;EAU<\/a><\/p>\n\n\n\n<h3><strong>Vendredi 18 octobre<\/strong>&nbsp; Place Simon Dugaleix<\/h3>\n\n\n\n<p>18h00 : inauguration du festival : pot offert par la mairie suivi d&rsquo;un repas tir\u00e9 du sac.<\/p>\n\n\n\n<p>20h30 \u00e0 la MJC : <a href=\"https:\/\/www.facebook.com\/search\/posts\/?q=mouthiers%20f%C3%AAte%20la%20biodiversit%C3%A9&amp;epa=FILTERS&amp;filters=eyJycF9jcmVhdGlvbl90aW1lIjoie1wibmFtZVwiOlwiY3JlYXRpb25fdGltZVwiLFwiYXJnc1wiOlwie1xcXCJzdGFydF95ZWFyXFxcIjpcXFwiMjAxOVxcXCIsXFxcInN0YXJ0X21vbnRoXFxcIjpcXFwiMjAxOS0xXFxcIixcXFwiZW5kX3llYXJcXFwiOlxcXCIyMDE5XFxcIixcXFwiZW5kX21vbnRoXFxcIjpcXFwiMjAxOS0xMlxcXCIsXFxcInN0YXJ0X2RheVxcXCI6XFxcIjIwMTktMS0xXFxcIixcXFwiZW5kX2RheVxcXCI6XFxcIjIwMTktMTItMzFcXFwifVwifSJ9\" target=\"_blank\" rel=\"noopener\">Spectacle \u00ab\u00a0Le lavoir au fil de l&rsquo;eau\u00a0\u00bb<\/a><\/p>\n\n\n\n<p>Des animations sp\u00e9cifiques&nbsp; r\u00e9serv\u00e9es aux \u00e9coles auront lieu toute la journ\u00e9e. Grand Angoul\u00eame, SYBRA, LPO et Charente Nature proposeront des ateliers aux \u00e9l\u00e8ves du CP au CE2 aux tourbi\u00e8res. Les enfants de la Petite \u00e0 la Grande section auront un spectacle de la compagnie Man d&rsquo;APPA : Le chemin de l&rsquo;eau.<\/p>\n\n\n\n<h3>Samedi 19 octobre Place du champ de foire<\/h3>\n\n\n\n<p>8h30 : rendez-vous \u00e0 la cabane de \u00ab\u00a0Tourbi\u00e8res et Loisirs\u00a0\u00bb pour une <strong>visite comment\u00e9e des Tourbi\u00e8res<\/strong> par Via Patrimoine. Caf\u00e9 et g\u00e2teaux.<\/p>\n\n\n\n<p>11h00 : \u00e0 la MJC, <strong>conf\u00e9rence \u00ab\u00a0L&rsquo;eau et le papier\u00a0\u00bb<\/strong> par Denis Peaucelle ancien conservateur du mus\u00e9e du papier.<\/p>\n\n\n\n<p><a href=\"https:\/\/www.sudouest.fr\/2011\/10\/31\/une-page-se-tourne-au-musee-du-papier-540895-813.php\" target=\"_blank\" rel=\"noopener\">Pour mieux le conna\u00eetre <\/a><\/p>\n\n\n\n<p>13h30 : rendez-vous au champs de foire pour un<strong> parcours comment\u00e9 de la Bo\u00ebme<\/strong> anim\u00e9 par Maxime Jouanaud technicien de rivi\u00e8re du SYBRA<\/p>\n\n\n\n<p><a href=\"https:\/\/www.sudouest.fr\/2017\/12\/05\/quel-avenir-envisager-pour-la-tourbiere-4006754-1013.php\" target=\"_blank\" rel=\"noopener\">Pour mieux le conna\u00eetre<\/a><\/p>\n\n\n\n<p>16h30 : salle G.Ploquin spectacle tout public<\/p>\n\n\n\n<p><strong>Les Rippetouts au pays de l&rsquo;or bleu<\/strong>, de&nbsp; \u00ab\u00a0Pile Poil et Cie\u00a0\u00bb<\/p>\n\n\n\n<p><a href=\"https:\/\/www.youtube.com\/watch?v=h5fEsHoHcao\" target=\"_blank\" rel=\"noopener\">Lien Youtube<\/a><\/p>\n\n\n\n<p>18h00 : salle G.Ploquin <strong>conf\u00e9rence \u00ab\u00a0L&rsquo;eau, la biodiversit\u00e9 et l&rsquo;\u00e9rosion\u00a0\u00bb<\/strong> de Beno\u00eet Sautour .<\/p>\n\n\n\n<p><a href=\"https:\/\/www.francebleu.fr\/emissions\/l-invite-de-france-bleu-limousin-matin\/limousin\/l-invite-du-matin-limousin-20\" target=\"_blank\" rel=\"noopener\">Pour mieux le conna\u00eetre<\/a><\/p>\n\n\n\n<p>20h00h: Place Simon Dugaleix<\/p>\n\n\n\n<p>Cl\u00f4ture du festival avec le groupe \u00ab\u00a0les cagettes de l&rsquo;ouest\u00a0\u00bb et une sc\u00e8ne ouverte \u00e0 tous.<\/p>\n\n\n\n<h3>Toute la journ\u00e9e de 10h00 \u00e0 16h00 :<\/h3>\n\n\n\n<p>Troc aux plantes et village des exposants, animations diverses et restauration sur place.<\/p>\n\n\n\n<p>Des expositions \u00e0 voir \u00e0 la MJC, \u00e0 la gare, \u00e0 la m\u00e9diath\u00e8que.<\/p>\n\n\n\n<p>L&rsquo;atlas de la biodiversit\u00e9 en diaporama.<\/p>\n\n\n\n<figure class=\"wp-block-image\"><a href=\"https:\/\/www.mouthiers-sur-boeme.fr\/wp-content\/uploads\/2021\/12\/5-Logo-UE-FEADER-LEADER-quadrichromie-2.jpg\" target=\"_blank\" rel=\"noopener\"><img loading=\"lazy\" width=\"300\" height=\"179\" src=\"https:\/\/www.mouthiers-sur-boeme.fr\/wp-content\/uploads\/2021\/12\/5-Logo-UE-FEADER-LEADER-quadrichromie-2-300x179.jpg\" alt=\"\" class=\"wp-image-8848\" srcset=\"https:\/\/www.mouthiers-sur-boeme.fr\/wp-content\/uploads\/2021\/12\/5-Logo-UE-FEADER-LEADER-quadrichromie-2-300x179.jpg 300w, https:\/\/www.mouthiers-sur-boeme.fr\/wp-content\/uploads\/2021\/12\/5-Logo-UE-FEADER-LEADER-quadrichromie-2-768x457.jpg 768w, https:\/\/www.mouthiers-sur-boeme.fr\/wp-content\/uploads\/2021\/12\/5-Logo-UE-FEADER-LEADER-quadrichromie-2.jpg 800w\" sizes=\"(max-width: 300px) 100vw, 300px\" \/><\/a><\/figure>\n\n\n\n<h1>&nbsp;__________________________________________<\/h1>\n\n\n\n<h1 class=\"has-text-align-center has-green-color has-text-color has-large-font-size\">1er Festival participatif organis\u00e9 avec et pour les citoyens <\/h1>\n\n\n\n<h1 class=\"has-text-align-center has-green-color has-text-color has-large-font-size\">\u00ab\u00a0Mouthiers f\u00eate la biodiversit\u00e9\u00a0\u00bb<\/h1>\n\n\n\n<h1><a href=\"https:\/\/www.mouthiers-sur-boeme.fr\/wp-content\/uploads\/2018\/04\/Affiche-Mouthiers-f\u00eate-la-biodiversit\u00e9_A4.jpg\">les 27, 28 et 29 avril 2018.<img loading=\"lazy\" class=\"aligncenter size-medium wp-image-5245\" src=\"https:\/\/www.mouthiers-sur-boeme.fr\/wp-content\/uploads\/2018\/04\/Affiche-Mouthiers-f\u00eate-la-biodiversit\u00e9_A4-212x300.jpg\" alt=\"\" width=\"212\" height=\"300\" srcset=\"https:\/\/www.mouthiers-sur-boeme.fr\/wp-content\/uploads\/2018\/04\/Affiche-Mouthiers-f\u00eate-la-biodiversit\u00e9_A4-212x300.jpg 212w, https:\/\/www.mouthiers-sur-boeme.fr\/wp-content\/uploads\/2018\/04\/Affiche-Mouthiers-f\u00eate-la-biodiversit\u00e9_A4-768x1086.jpg 768w, https:\/\/www.mouthiers-sur-boeme.fr\/wp-content\/uploads\/2018\/04\/Affiche-Mouthiers-f\u00eate-la-biodiversit\u00e9_A4-724x1024.jpg 724w\" sizes=\"(max-width: 212px) 100vw, 212px\" \/><\/a><\/h1>\n\n\n\n<p>Dans le cadre de la Trame verte et bleue, la commune de Mouthiers-sur-Bo\u00ebme organise son premier festival \u00ab Mouthiers f\u00eate la biodiversit\u00e9 \u00bb les 27, 28 et 29 avril 2018.<\/p>\n\n\n\n<p>Pour l\u2019occasion, plusieurs temps forts sont organis\u00e9s (journ\u00e9e d\u2019\u00e9changes pour les scolaires, balades naturalistes et cont\u00e9es, expositions, march\u00e9 de producteurs et d\u2019artisans, projections-d\u00e9bats, concours photos\u2026).<\/p>\n\n\n\n<p>Les th\u00e8mes retenus pour cette premi\u00e8re \u00e9dition sont \u00ab l\u2019arbre et la biodiversit\u00e9 ordinaire \u00bb avec divers moments de partages (conf\u00e9rences, tables rondes, spectacles, concerts et animations en pr\u00e9sence de nombreux partenaires associatifs et institutionnels).<\/p>\n\n\n\n<p>Retrouvez le Programme ici :<\/p>\n\n\n\n<div class=\"wp-block-image\"><figure class=\"aligncenter\"><a href=\"https:\/\/www.mouthiers-sur-boeme.fr\/wp-content\/uploads\/2018\/04\/D\u00e9pliant-Verso-BD.jpg\"><img loading=\"lazy\" width=\"300\" height=\"200\" src=\"https:\/\/www.mouthiers-sur-boeme.fr\/wp-content\/uploads\/2018\/04\/D\u00e9pliant-Verso-BD-300x200.jpg\" alt=\"\" class=\"wp-image-5247\" srcset=\"https:\/\/www.mouthiers-sur-boeme.fr\/wp-content\/uploads\/2018\/04\/D\u00e9pliant-Verso-BD-300x200.jpg 300w, https:\/\/www.mouthiers-sur-boeme.fr\/wp-content\/uploads\/2018\/04\/D\u00e9pliant-Verso-BD-768x513.jpg 768w, https:\/\/www.mouthiers-sur-boeme.fr\/wp-content\/uploads\/2018\/04\/D\u00e9pliant-Verso-BD-1024x684.jpg 1024w, https:\/\/www.mouthiers-sur-boeme.fr\/wp-content\/uploads\/2018\/04\/D\u00e9pliant-Verso-BD.jpg 1185w\" sizes=\"(max-width: 300px) 100vw, 300px\" \/><\/a><\/figure><\/div>\n","protected":false},"excerpt":{"rendered":"<p>3 \u00e8me \u00e9dition du festival \u00ab\u00a0Mouthiers f\u00eate la biodiversit\u00e9\u00a0\u00bb du 30 au 2 octobre 2022 &nbsp;Retrouvez-nous aussi sur notre page Facebook 2\u00e8me \u00e9dition du Festival \u00ab\u00a0Mouthiers f\u00eate la biodiversit\u00e9\u00a0\u00bb les 17, 18 et 19 octobre 2019 Dans le cadre de la Trame verte et bleue, la commune de Mouthiers-sur-Bo\u00ebme organise le 2\u00e8me&nbsp; festival \u00ab Mouthiers &hellip; <a href=\"https:\/\/www.mouthiers-sur-boeme.fr\/?page_id=5260\" class=\"more-link\">Continuer la lecture de <span class=\"screen-reader-text\">festival mouthiers f\u00eate LA BIODIVERSITE<\/span>  <span class=\"meta-nav\">&rarr;<\/span><\/a><\/p>\n","protected":false},"author":22,"featured_media":5261,"parent":0,"menu_order":0,"comment_status":"closed","ping_status":"closed","template":"","meta":[],"_links":{"self":[{"href":"https:\/\/www.mouthiers-sur-boeme.fr\/index.php?rest_route=\/wp\/v2\/pages\/5260"}],"collection":[{"href":"https:\/\/www.mouthiers-sur-boeme.fr\/index.php?rest_route=\/wp\/v2\/pages"}],"about":[{"href":"https:\/\/www.mouthiers-sur-boeme.fr\/index.php?rest_route=\/wp\/v2\/types\/page"}],"author":[{"embeddable":true,"href":"https:\/\/www.mouthiers-sur-boeme.fr\/index.php?rest_route=\/wp\/v2\/users\/22"}],"replies":[{"embeddable":true,"href":"https:\/\/www.mouthiers-sur-boeme.fr\/index.php?rest_route=%2Fwp%2Fv2%2Fcomments&post=5260"}],"version-history":[{"count":29,"href":"https:\/\/www.mouthiers-sur-boeme.fr\/index.php?rest_route=\/wp\/v2\/pages\/5260\/revisions"}],"predecessor-version":[{"id":9785,"href":"https:\/\/www.mouthiers-sur-boeme.fr\/index.php?rest_route=\/wp\/v2\/pages\/5260\/revisions\/9785"}],"wp:featuredmedia":[{"embeddable":true,"href":"https:\/\/www.mouthiers-sur-boeme.fr\/index.php?rest_route=\/wp\/v2\/media\/5261"}],"wp:attachment":[{"href":"https:\/\/www.mouthiers-sur-boeme.fr\/index.php?rest_route=%2Fwp%2Fv2%2Fmedia&parent=5260"}],"curies":[{"name":"wp","href":"https:\/\/api.w.org\/{rel}","templated":true}]}}