{"id":6947,"date":"2019-08-21T15:15:25","date_gmt":"2019-08-21T14:15:25","guid":{"rendered":"https:\/\/www.mouthiers-sur-boeme.fr\/?page_id=6947"},"modified":"2026-03-05T09:23:44","modified_gmt":"2026-03-05T08:23:44","slug":"deliberations-de-la-collectivite","status":"publish","type":"page","link":"https:\/\/www.mouthiers-sur-boeme.fr\/?page_id=6947","title":{"rendered":"D\u00e9lib\u00e9rations (2016-2025) ET PV (2024-2025)de la collectivit\u00e9"},"content":{"rendered":"<p>Retrouvez ici toutes les d\u00e9lib\u00e9rations prises par le Conseil Municipal ainsi que les PV.<\/p>\n<p><a href=\"https:\/\/www.mouthiers-sur-boeme.fr\/?page_id=7373\">D\u00e9lib\u00e9rations 2016<\/a><\/p>\n<p><a href=\"https:\/\/www.mouthiers-sur-boeme.fr\/?page_id=7211\">D\u00e9lib\u00e9rations 2017<\/a><\/p>\n<p><a href=\"https:\/\/www.mouthiers-sur-boeme.fr\/?page_id=7070\">D\u00e9lib\u00e9rations 2018<\/a><\/p>\n<p><a href=\"https:\/\/www.mouthiers-sur-boeme.fr\/?page_id=6951\">D\u00e9lib\u00e9rations 2019<\/a><\/p>\n<p><a href=\"https:\/\/www.mouthiers-sur-boeme.fr\/?page_id=10637\">D\u00e9lib\u00e9rations 2020<\/a><\/p>\n<p><a href=\"https:\/\/www.mouthiers-sur-boeme.fr\/?page_id=10667\">D\u00e9lib\u00e9rations 2021<\/a><\/p>\n<p><a href=\"https:\/\/www.mouthiers-sur-boeme.fr\/?page_id=10672\">D\u00e9lib\u00e9rations 2022<\/a><\/p>\n<p><a href=\"https:\/\/www.mouthiers-sur-boeme.fr\/?page_id=10675\">D\u00e9lib\u00e9rations 2023<\/a><\/p>\n<p><a href=\"https:\/\/portal.atd16.fr\/iframeaffichagesiteweb?siren=211602362\" target=\"_blank\" rel=\"noopener\">D\u00e9lib\u00e9rations 2024\/2025<\/a><\/p>\n\n\n<div class=\"wp-block-file\"><a href=\"https:\/\/www.mouthiers-sur-boeme.fr\/wp-content\/uploads\/2024\/06\/PV-signe-CM-13-05-2024.pdf\">PV-CM-13-05-2024<\/a><a href=\"https:\/\/www.mouthiers-sur-boeme.fr\/wp-content\/uploads\/2024\/06\/PV-signe-CM-13-05-2024.pdf\" class=\"wp-block-file__button\" download>T\u00e9l\u00e9charger<\/a><\/div>\n\n\n\n<div class=\"wp-block-file\"><a href=\"https:\/\/www.mouthiers-sur-boeme.fr\/wp-content\/uploads\/2024\/06\/PV-signe-CM-07-06-2024.pdf\">PV-CM-07-06-2024<\/a><a href=\"https:\/\/www.mouthiers-sur-boeme.fr\/wp-content\/uploads\/2024\/06\/PV-signe-CM-07-06-2024.pdf\" class=\"wp-block-file__button\" download>T\u00e9l\u00e9charger<\/a><\/div>\n\n\n\n<div class=\"wp-block-file\"><a href=\"https:\/\/www.mouthiers-sur-boeme.fr\/wp-content\/uploads\/2024\/09\/PV-CM-05-07-2024-signe.pdf\">PV-CM-05-07-2024<\/a><a href=\"https:\/\/www.mouthiers-sur-boeme.fr\/wp-content\/uploads\/2024\/09\/PV-CM-05-07-2024-signe.pdf\" class=\"wp-block-file__button\" download>T\u00e9l\u00e9charger<\/a><\/div>\n\n\n\n<div class=\"wp-block-file\"><a href=\"https:\/\/www.mouthiers-sur-boeme.fr\/wp-content\/uploads\/2024\/09\/PV-CM-06-09-2024fini.pdf\">PV-CM-06-09-2024<\/a><a href=\"https:\/\/www.mouthiers-sur-boeme.fr\/wp-content\/uploads\/2024\/09\/PV-CM-06-09-2024fini.pdf\" class=\"wp-block-file__button\" download>T\u00e9l\u00e9charger<\/a><\/div>\n\n\n\n<div class=\"wp-block-file\"><a href=\"https:\/\/www.mouthiers-sur-boeme.fr\/wp-content\/uploads\/2024\/12\/PV-ConseilMunicipal-08-11-2024.pdf\">PV-CM-08-11-2024<\/a><a href=\"https:\/\/www.mouthiers-sur-boeme.fr\/wp-content\/uploads\/2024\/12\/PV-ConseilMunicipal-08-11-2024.pdf\" class=\"wp-block-file__button\" download>T\u00e9l\u00e9charger<\/a><\/div>\n\n\n\n<div class=\"wp-block-file\"><a href=\"https:\/\/www.mouthiers-sur-boeme.fr\/wp-content\/uploads\/2025\/02\/PV-CM-06-12-2024.pdf\">PV-CM-06-12-2024<\/a><a href=\"https:\/\/www.mouthiers-sur-boeme.fr\/wp-content\/uploads\/2025\/02\/PV-CM-06-12-2024.pdf\" class=\"wp-block-file__button\" download>T\u00e9l\u00e9charger<\/a><\/div>\n\n\n\n<div class=\"wp-block-file\"><a href=\"https:\/\/www.mouthiers-sur-boeme.fr\/wp-content\/uploads\/2025\/02\/PV-CM-10-01-2025.pdf\">PV-CM-10-01-2025<\/a><a href=\"https:\/\/www.mouthiers-sur-boeme.fr\/wp-content\/uploads\/2025\/02\/PV-CM-10-01-2025.pdf\" class=\"wp-block-file__button\" download>T\u00e9l\u00e9charger<\/a><\/div>\n\n\n\n<div class=\"wp-block-file\"><a href=\"https:\/\/www.mouthiers-sur-boeme.fr\/wp-content\/uploads\/2025\/05\/PV-CM-07-02-2025.pdf\">PV-CM-07-02-2025<\/a><a href=\"https:\/\/www.mouthiers-sur-boeme.fr\/wp-content\/uploads\/2025\/05\/PV-CM-07-02-2025.pdf\" class=\"wp-block-file__button\" download>T\u00e9l\u00e9charger<\/a><\/div>\n\n\n\n<div class=\"wp-block-file\"><a href=\"https:\/\/www.mouthiers-sur-boeme.fr\/wp-content\/uploads\/2025\/05\/PV-CM-07-03-2025.pdf\">PV-CM-07-03-2025<\/a><a href=\"https:\/\/www.mouthiers-sur-boeme.fr\/wp-content\/uploads\/2025\/05\/PV-CM-07-03-2025.pdf\" class=\"wp-block-file__button\" download>T\u00e9l\u00e9charger<\/a><\/div>\n\n\n\n<div class=\"wp-block-file\"><a href=\"https:\/\/www.mouthiers-sur-boeme.fr\/wp-content\/uploads\/2025\/05\/PV-CM-11-04-2025-signe.pdf\">PV-CM-11-04-2025<\/a><a href=\"https:\/\/www.mouthiers-sur-boeme.fr\/wp-content\/uploads\/2025\/05\/PV-CM-11-04-2025-signe.pdf\" class=\"wp-block-file__button\" download>T\u00e9l\u00e9charger<\/a><\/div>\n\n\n\n<div class=\"wp-block-file\"><a href=\"https:\/\/www.mouthiers-sur-boeme.fr\/wp-content\/uploads\/2025\/05\/PV-CM-12-05-2025.pdf\">PV-CM-12-05-2025<\/a><a href=\"https:\/\/www.mouthiers-sur-boeme.fr\/wp-content\/uploads\/2025\/05\/PV-CM-12-05-2025.pdf\" class=\"wp-block-file__button\" download>T\u00e9l\u00e9charger<\/a><\/div>\n\n\n\n<div class=\"wp-block-file\"><a href=\"https:\/\/www.mouthiers-sur-boeme.fr\/wp-content\/uploads\/2025\/08\/PV-CM-04-07-2025-1.pdf\">PV-CM-04-07-2025-1<\/a><a href=\"https:\/\/www.mouthiers-sur-boeme.fr\/wp-content\/uploads\/2025\/08\/PV-CM-04-07-2025-1.pdf\" class=\"wp-block-file__button\" download>T\u00e9l\u00e9charger<\/a><\/div>\n\n\n\n<div class=\"wp-block-file\"><a href=\"https:\/\/www.mouthiers-sur-boeme.fr\/wp-content\/uploads\/2025\/09\/PV-CM-05-09-2025.pdf\">PV-CM-05-09-2025<\/a><a href=\"https:\/\/www.mouthiers-sur-boeme.fr\/wp-content\/uploads\/2025\/09\/PV-CM-05-09-2025.pdf\" class=\"wp-block-file__button\" download>T\u00c9L\u00c9CHARGER<\/a><\/div>\n\n\n\n<div class=\"wp-block-file\"><a href=\"https:\/\/www.mouthiers-sur-boeme.fr\/wp-content\/uploads\/2025\/11\/PV-CM-03-10-2025.pdf\">PV-CM-03-10-2025<\/a><a href=\"https:\/\/www.mouthiers-sur-boeme.fr\/wp-content\/uploads\/2025\/11\/PV-CM-03-10-2025.pdf\" class=\"wp-block-file__button\" download>T\u00e9l\u00e9charger<\/a><\/div>\n\n\n\n<div class=\"wp-block-file\"><a href=\"https:\/\/www.mouthiers-sur-boeme.fr\/wp-content\/uploads\/2025\/12\/PV-CM-07-11-2025.pdf\">PV-CM-07-11-2025<\/a><a href=\"https:\/\/www.mouthiers-sur-boeme.fr\/wp-content\/uploads\/2025\/12\/PV-CM-07-11-2025.pdf\" class=\"wp-block-file__button\" download>T\u00e9l\u00e9charger<\/a><\/div>\n\n\n\n<div class=\"wp-block-file\"><a href=\"https:\/\/www.mouthiers-sur-boeme.fr\/wp-content\/uploads\/2026\/03\/PV-CM-12-12-2025-VF.pdf\">PV-CM-12-12-2025-VF<\/a><a href=\"https:\/\/www.mouthiers-sur-boeme.fr\/wp-content\/uploads\/2026\/03\/PV-CM-12-12-2025-VF.pdf\" class=\"wp-block-file__button\" download>T\u00e9l\u00e9charger<\/a><\/div>\n\n\n\n<p><\/p>\n","protected":false},"excerpt":{"rendered":"<p>Retrouvez ici toutes les d\u00e9lib\u00e9rations prises par le Conseil Municipal ainsi que les PV. D\u00e9lib\u00e9rations 2016 D\u00e9lib\u00e9rations 2017 D\u00e9lib\u00e9rations 2018 D\u00e9lib\u00e9rations 2019 D\u00e9lib\u00e9rations 2020 D\u00e9lib\u00e9rations 2021 D\u00e9lib\u00e9rations 2022 D\u00e9lib\u00e9rations 2023 D\u00e9lib\u00e9rations 2024\/2025<\/p>\n","protected":false},"author":22,"featured_media":0,"parent":0,"menu_order":0,"comment_status":"closed","ping_status":"closed","template":"","meta":[],"_links":{"self":[{"href":"https:\/\/www.mouthiers-sur-boeme.fr\/index.php?rest_route=\/wp\/v2\/pages\/6947"}],"collection":[{"href":"https:\/\/www.mouthiers-sur-boeme.fr\/index.php?rest_route=\/wp\/v2\/pages"}],"about":[{"href":"https:\/\/www.mouthiers-sur-boeme.fr\/index.php?rest_route=\/wp\/v2\/types\/page"}],"author":[{"embeddable":true,"href":"https:\/\/www.mouthiers-sur-boeme.fr\/index.php?rest_route=\/wp\/v2\/users\/22"}],"replies":[{"embeddable":true,"href":"https:\/\/www.mouthiers-sur-boeme.fr\/index.php?rest_route=%2Fwp%2Fv2%2Fcomments&post=6947"}],"version-history":[{"count":42,"href":"https:\/\/www.mouthiers-sur-boeme.fr\/index.php?rest_route=\/wp\/v2\/pages\/6947\/revisions"}],"predecessor-version":[{"id":12942,"href":"https:\/\/www.mouthiers-sur-boeme.fr\/index.php?rest_route=\/wp\/v2\/pages\/6947\/revisions\/12942"}],"wp:attachment":[{"href":"https:\/\/www.mouthiers-sur-boeme.fr\/index.php?rest_route=%2Fwp%2Fv2%2Fmedia&parent=6947"}],"curies":[{"name":"wp","href":"https:\/\/api.w.org\/{rel}","templated":true}]}}