{"id":8687,"date":"2021-09-19T09:12:49","date_gmt":"2021-09-19T08:12:49","guid":{"rendered":"https:\/\/www.mouthiers-sur-boeme.fr\/?page_id=8687"},"modified":"2021-09-19T09:12:49","modified_gmt":"2021-09-19T08:12:49","slug":"compagnie-olive-de-lux","status":"publish","type":"page","link":"https:\/\/www.mouthiers-sur-boeme.fr\/?page_id=8687","title":{"rendered":"Compagnie Olive de lux"},"content":{"rendered":"\n<p>Cie de th\u00e9\u00e2tre<br>Association loi 1901<br>adresse : 3, place Simon Dugaleix &#8211; 16440 Mouthiers- sur-Bo\u00ebme<br>mail : <a href=\"mailto:olive2lux@gmail.com\" target=\"_blank\" rel=\"noreferrer noopener\">olive2lux@gmail.com<\/a><br>Pr\u00e9sident : Claude Coyrault <a href=\"callto:06 14 58 40 40\">06 14 58 40 40<\/a><br>Secr\u00e9taire : Jean-Bernard Cazenave <a href=\"callto:06 21 4983 08\">06 21 4983 08<\/a><br>Direction artistique : Val\u00e9rie Geoffrion <a href=\"callto:07 55 61 80 22\">07 55 61 80 22<\/a><br>Facebook : <a href=\"https:\/\/www.facebook.com\/CompagnieOliveDeLux\" target=\"_blank\" rel=\"noreferrer noopener\">https:\/\/www.facebook.com\/CompagnieOliveDeLux<\/a><\/p>\n","protected":false},"excerpt":{"rendered":"<p>Cie de th\u00e9\u00e2treAssociation loi 1901adresse : 3, place Simon Dugaleix &#8211; 16440 Mouthiers- sur-Bo\u00ebmemail : olive2lux@gmail.comPr\u00e9sident : Claude Coyrault 06 14 58 40 40Secr\u00e9taire : Jean-Bernard Cazenave 06 21 4983 08Direction artistique : Val\u00e9rie Geoffrion 07 55 61 80 22Facebook : https:\/\/www.facebook.com\/CompagnieOliveDeLux<\/p>\n","protected":false},"author":22,"featured_media":0,"parent":0,"menu_order":0,"comment_status":"closed","ping_status":"closed","template":"","meta":[],"_links":{"self":[{"href":"https:\/\/www.mouthiers-sur-boeme.fr\/index.php?rest_route=\/wp\/v2\/pages\/8687"}],"collection":[{"href":"https:\/\/www.mouthiers-sur-boeme.fr\/index.php?rest_route=\/wp\/v2\/pages"}],"about":[{"href":"https:\/\/www.mouthiers-sur-boeme.fr\/index.php?rest_route=\/wp\/v2\/types\/page"}],"author":[{"embeddable":true,"href":"https:\/\/www.mouthiers-sur-boeme.fr\/index.php?rest_route=\/wp\/v2\/users\/22"}],"replies":[{"embeddable":true,"href":"https:\/\/www.mouthiers-sur-boeme.fr\/index.php?rest_route=%2Fwp%2Fv2%2Fcomments&post=8687"}],"version-history":[{"count":1,"href":"https:\/\/www.mouthiers-sur-boeme.fr\/index.php?rest_route=\/wp\/v2\/pages\/8687\/revisions"}],"predecessor-version":[{"id":8692,"href":"https:\/\/www.mouthiers-sur-boeme.fr\/index.php?rest_route=\/wp\/v2\/pages\/8687\/revisions\/8692"}],"wp:attachment":[{"href":"https:\/\/www.mouthiers-sur-boeme.fr\/index.php?rest_route=%2Fwp%2Fv2%2Fmedia&parent=8687"}],"curies":[{"name":"wp","href":"https:\/\/api.w.org\/{rel}","templated":true}]}}